{"id":137751,"date":"2024-09-12T08:50:47","date_gmt":"2024-09-12T08:50:47","guid":{"rendered":"https:\/\/danubeproperties.com\/?page_id=137751"},"modified":"2025-07-31T07:58:03","modified_gmt":"2025-07-31T07:58:03","slug":"adel-sajan","status":"publish","type":"page","link":"https:\/\/danubeproperties.com\/de\/about-us\/leadership-team\/adel-sajan\/","title":{"rendered":"Adel Sajan"},"content":{"rendered":"\t\t<div data-elementor-type=\"wp-page\" data-elementor-id=\"137751\" class=\"elementor elementor-137751 elementor-28509\" data-elementor-post-type=\"page\">\n\t\t\t\t\t\t<section data-dce-background-color=\"#f7f2ec\" class=\"elementor-section elementor-top-section elementor-element elementor-element-45979294 elementor-section-stretched elementor-section-boxed elementor-section-height-default elementor-section-height-default\" data-id=\"45979294\" data-element_type=\"section\" data-settings=\"{&quot;stretch_section&quot;:&quot;section-stretched&quot;,&quot;background_background&quot;:&quot;classic&quot;}\">\n\t\t\t\t\t\t<div class=\"elementor-container elementor-column-gap-no\">\n\t\t\t\t\t<div class=\"elementor-column elementor-col-100 elementor-top-column elementor-element elementor-element-6bed1bf9\" data-id=\"6bed1bf9\" data-element_type=\"column\">\n\t\t\t<div class=\"elementor-widget-wrap elementor-element-populated\">\n\t\t\t\t\t\t<section data-dce-background-color=\"#ffffff\" class=\"elementor-section elementor-inner-section elementor-element elementor-element-d3d98db elementor-section-content-middle elementor-section-boxed elementor-section-height-default elementor-section-height-default\" data-id=\"d3d98db\" data-element_type=\"section\" data-settings=\"{&quot;background_background&quot;:&quot;classic&quot;}\">\n\t\t\t\t\t\t<div class=\"elementor-container elementor-column-gap-no\">\n\t\t\t\t\t<div class=\"elementor-column elementor-col-50 elementor-inner-column elementor-element elementor-element-b8bac7e\" data-id=\"b8bac7e\" data-element_type=\"column\" data-settings=\"{&quot;background_background&quot;:&quot;classic&quot;}\">\n\t\t\t<div class=\"elementor-widget-wrap elementor-element-populated\">\n\t\t\t\t\t\t<div class=\"elementor-element elementor-element-80125c4 dce_masking-none elementor-widget elementor-widget-image\" data-id=\"80125c4\" data-element_type=\"widget\" data-widget_type=\"image.default\">\n\t\t\t\t<div class=\"elementor-widget-container\">\n\t\t\t\t\t\t\t\t\t\t\t\t\t\t\t<img fetchpriority=\"high\" decoding=\"async\" width=\"600\" height=\"839\" src=\"https:\/\/danubeproperties.com\/wp-content\/uploads\/2024\/09\/adel_sajan-732x1024.jpg\" class=\"attachment-large size-large wp-image-137739\" alt=\"\" srcset=\"https:\/\/danubeproperties.com\/wp-content\/uploads\/2024\/09\/adel_sajan-732x1024.jpg 732w, https:\/\/danubeproperties.com\/wp-content\/uploads\/2024\/09\/adel_sajan-214x300.jpg 214w, https:\/\/danubeproperties.com\/wp-content\/uploads\/2024\/09\/adel_sajan-768x1075.jpg 768w, https:\/\/danubeproperties.com\/wp-content\/uploads\/2024\/09\/adel_sajan-700x980.jpg 700w, https:\/\/danubeproperties.com\/wp-content\/uploads\/2024\/09\/adel_sajan.jpg 949w\" sizes=\"(max-width: 600px) 100vw, 600px\" \/>\t\t\t\t\t\t\t\t\t\t\t\t\t\t\t<\/div>\n\t\t\t\t<\/div>\n\t\t\t\t\t<\/div>\n\t\t<\/div>\n\t\t\t\t<div class=\"elementor-column elementor-col-50 elementor-inner-column elementor-element elementor-element-e9c9311\" data-id=\"e9c9311\" data-element_type=\"column\">\n\t\t\t<div class=\"elementor-widget-wrap elementor-element-populated\">\n\t\t\t\t\t\t<div class=\"elementor-element elementor-element-8154916 animated-fast elementor-widget elementor-widget-text-editor\" data-id=\"8154916\" data-element_type=\"widget\" data-settings=\"{&quot;_animation&quot;:&quot;none&quot;}\" data-widget_type=\"text-editor.default\">\n\t\t\t\t<div class=\"elementor-widget-container\">\n\t\t\t\t\t        <div class=\"elementor-text-editor elementor-clearfix\"><p>Ein junger, vision\u00e4rer und charismatischer F\u00fchrungspers\u00f6nlichkeit, die seit 2009 mit der Gr\u00fcndung von Danube Buildmart, jetzt umbenannt in Danube Home, einer der Schl\u00fcsselfaktoren f\u00fcr das strategische Wachstum von Danube gewesen ist.<\/p><p>Unter seiner F\u00fchrung ist Danube in gro\u00dfen St\u00e4dten weltweit in Betrieb.<\/p><\/div>\n        \t\t\t\t<\/div>\n\t\t\t\t<\/div>\n\t\t\t\t<div class=\"elementor-element elementor-element-d7525b4 elementor-widget elementor-widget-heading\" data-id=\"d7525b4\" data-element_type=\"widget\" data-widget_type=\"heading.default\">\n\t\t\t\t<div class=\"elementor-widget-container\">\n\t\t\t\t\t<div class=\"elementor-heading-wrapper\" ><div class=\"elementor-heading-wrapper-inner\"><h1 class=\"elementor-heading-title elementor-size-default\">MR. ADEL SAJAN<\/h1><\/div><\/div>\t\t\t\t<\/div>\n\t\t\t\t<\/div>\n\t\t\t\t<div class=\"elementor-element elementor-element-6f71bbc elementor-widget elementor-widget-heading\" data-id=\"6f71bbc\" data-element_type=\"widget\" data-widget_type=\"heading.default\">\n\t\t\t\t<div class=\"elementor-widget-container\">\n\t\t\t\t\t<div class=\"elementor-heading-wrapper\" ><div class=\"elementor-heading-wrapper-inner\"><h2 class=\"elementor-heading-title elementor-size-default\">Gesch\u00e4ftsf\u00fchrer der Gruppe<\/h2><\/div><\/div>\t\t\t\t<\/div>\n\t\t\t\t<\/div>\n\t\t\t\t\t<\/div>\n\t\t<\/div>\n\t\t\t\t\t<\/div>\n\t\t<\/section>\n\t\t\t\t\t<\/div>\n\t\t<\/div>\n\t\t\t\t\t<\/div>\n\t\t<\/section>\n\t\t\t\t<\/div>\n\t\t","protected":false},"excerpt":{"rendered":"<p>Ein junger, vision\u00e4rer und charismatischer F\u00fchrungspers\u00f6nlichkeit, die seit 2009 mit der Gr\u00fcndung von Danube Buildmart, jetzt umbenannt in Danube Home, einer der Schl\u00fcsselfaktoren f\u00fcr das strategische Wachstum von Danube gewesen ist. Unter seiner F\u00fchrung ist Danube in gro\u00dfen St\u00e4dten weltweit in Betrieb. MR. ADEL SAJAN Gesch\u00e4ftsf\u00fchrer der Gruppe<\/p>\n","protected":false},"author":7,"featured_media":0,"parent":135295,"menu_order":0,"comment_status":"closed","ping_status":"closed","template":"","meta":{"_acf_changed":false,"inline_featured_image":false,"footnotes":""},"class_list":["post-137751","page","type-page","status-publish","hentry"],"acf":[],"yoast_head":"<!-- This site is optimized with the Yoast SEO plugin v26.7 - https:\/\/yoast.com\/wordpress\/plugins\/seo\/ -->\n<title>Adel Sajan - Danube Properties<\/title>\n<meta name=\"robots\" content=\"index, follow, max-snippet:-1, max-image-preview:large, max-video-preview:-1\" \/>\n<link rel=\"canonical\" href=\"https:\/\/danubeproperties.com\/de\/about-us\/leadership-team\/adel-sajan\/\" \/>\n<meta property=\"og:locale\" content=\"de_DE\" \/>\n<meta property=\"og:type\" content=\"article\" \/>\n<meta property=\"og:title\" content=\"Adel Sajan - Danube Properties\" \/>\n<meta property=\"og:description\" content=\"Ein junger, vision\u00e4rer und charismatischer F\u00fchrungspers\u00f6nlichkeit, die seit 2009 mit der Gr\u00fcndung von Danube Buildmart, jetzt umbenannt in Danube Home, einer der Schl\u00fcsselfaktoren f\u00fcr das strategische Wachstum von Danube gewesen ist. Unter seiner F\u00fchrung ist Danube in gro\u00dfen St\u00e4dten weltweit in Betrieb. MR. ADEL SAJAN Gesch\u00e4ftsf\u00fchrer der Gruppe\" \/>\n<meta property=\"og:url\" content=\"https:\/\/danubeproperties.com\/de\/about-us\/leadership-team\/adel-sajan\/\" \/>\n<meta property=\"og:site_name\" content=\"Danube Properties\" \/>\n<meta property=\"article:modified_time\" content=\"2025-07-31T07:58:03+00:00\" \/>\n<meta property=\"og:image\" content=\"https:\/\/danubeproperties.com\/wp-content\/uploads\/2024\/09\/adel_sajan-732x1024.jpg\" \/>\n<meta name=\"twitter:card\" content=\"summary_large_image\" \/>\n<meta name=\"twitter:label1\" content=\"Gesch\u00e4tzte Lesezeit\" \/>\n\t<meta name=\"twitter:data1\" content=\"1\u00a0Minute\" \/>\n<script type=\"application\/ld+json\" class=\"yoast-schema-graph\">{\"@context\":\"https:\/\/schema.org\",\"@graph\":[{\"@type\":\"WebPage\",\"@id\":\"https:\/\/danubeproperties.com\/de\/about-us\/leadership-team\/adel-sajan\/\",\"url\":\"https:\/\/danubeproperties.com\/de\/about-us\/leadership-team\/adel-sajan\/\",\"name\":\"Adel Sajan - Danube Properties\",\"isPartOf\":{\"@id\":\"https:\/\/danubeproperties.com\/de\/#website\"},\"primaryImageOfPage\":{\"@id\":\"https:\/\/danubeproperties.com\/de\/about-us\/leadership-team\/adel-sajan\/#primaryimage\"},\"image\":{\"@id\":\"https:\/\/danubeproperties.com\/de\/about-us\/leadership-team\/adel-sajan\/#primaryimage\"},\"thumbnailUrl\":\"https:\/\/danubeproperties.com\/wp-content\/uploads\/2024\/09\/adel_sajan-732x1024.jpg\",\"datePublished\":\"2024-09-12T08:50:47+00:00\",\"dateModified\":\"2025-07-31T07:58:03+00:00\",\"breadcrumb\":{\"@id\":\"https:\/\/danubeproperties.com\/de\/about-us\/leadership-team\/adel-sajan\/#breadcrumb\"},\"inLanguage\":\"de\",\"potentialAction\":[{\"@type\":\"ReadAction\",\"target\":[\"https:\/\/danubeproperties.com\/de\/about-us\/leadership-team\/adel-sajan\/\"]}]},{\"@type\":\"ImageObject\",\"inLanguage\":\"de\",\"@id\":\"https:\/\/danubeproperties.com\/de\/about-us\/leadership-team\/adel-sajan\/#primaryimage\",\"url\":\"https:\/\/danubeproperties.com\/wp-content\/uploads\/2024\/09\/adel_sajan-732x1024.jpg\",\"contentUrl\":\"https:\/\/danubeproperties.com\/wp-content\/uploads\/2024\/09\/adel_sajan-732x1024.jpg\"},{\"@type\":\"BreadcrumbList\",\"@id\":\"https:\/\/danubeproperties.com\/de\/about-us\/leadership-team\/adel-sajan\/#breadcrumb\",\"itemListElement\":[{\"@type\":\"ListItem\",\"position\":1,\"name\":\"Home\",\"item\":\"https:\/\/danubeproperties.com\/de\/\"},{\"@type\":\"ListItem\",\"position\":2,\"name\":\"About Us\",\"item\":\"https:\/\/danubeproperties.com\/de\/about-us\/\"},{\"@type\":\"ListItem\",\"position\":3,\"name\":\"Leadership Team\",\"item\":\"https:\/\/danubeproperties.com\/de\/about-us\/leadership-team\/\"},{\"@type\":\"ListItem\",\"position\":4,\"name\":\"Adel Sajan\"}]},{\"@type\":\"WebSite\",\"@id\":\"https:\/\/danubeproperties.com\/de\/#website\",\"url\":\"https:\/\/danubeproperties.com\/de\/\",\"name\":\"Danube Properties\",\"description\":\"\",\"publisher\":{\"@id\":\"https:\/\/danubeproperties.com\/de\/#organization\"},\"potentialAction\":[{\"@type\":\"SearchAction\",\"target\":{\"@type\":\"EntryPoint\",\"urlTemplate\":\"https:\/\/danubeproperties.com\/de\/?s={search_term_string}\"},\"query-input\":{\"@type\":\"PropertyValueSpecification\",\"valueRequired\":true,\"valueName\":\"search_term_string\"}}],\"inLanguage\":\"de\"},{\"@type\":\"Organization\",\"@id\":\"https:\/\/danubeproperties.com\/de\/#organization\",\"name\":\"Danube Properties\",\"url\":\"https:\/\/danubeproperties.com\/de\/\",\"logo\":{\"@type\":\"ImageObject\",\"inLanguage\":\"de\",\"@id\":\"https:\/\/danubeproperties.com\/de\/#\/schema\/logo\/image\/\",\"url\":\"https:\/\/danubeproperties.com\/wp-content\/uploads\/2024\/02\/header-logo.png\",\"contentUrl\":\"https:\/\/danubeproperties.com\/wp-content\/uploads\/2024\/02\/header-logo.png\",\"width\":373,\"height\":20,\"caption\":\"Danube Properties\"},\"image\":{\"@id\":\"https:\/\/danubeproperties.com\/de\/#\/schema\/logo\/image\/\"}}]}<\/script>\n<!-- \/ Yoast SEO plugin. -->","yoast_head_json":{"title":"Adel Sajan - Danube Properties","robots":{"index":"index","follow":"follow","max-snippet":"max-snippet:-1","max-image-preview":"max-image-preview:large","max-video-preview":"max-video-preview:-1"},"canonical":"https:\/\/danubeproperties.com\/de\/about-us\/leadership-team\/adel-sajan\/","og_locale":"de_DE","og_type":"article","og_title":"Adel Sajan - Danube Properties","og_description":"Ein junger, vision\u00e4rer und charismatischer F\u00fchrungspers\u00f6nlichkeit, die seit 2009 mit der Gr\u00fcndung von Danube Buildmart, jetzt umbenannt in Danube Home, einer der Schl\u00fcsselfaktoren f\u00fcr das strategische Wachstum von Danube gewesen ist. Unter seiner F\u00fchrung ist Danube in gro\u00dfen St\u00e4dten weltweit in Betrieb. MR. ADEL SAJAN Gesch\u00e4ftsf\u00fchrer der Gruppe","og_url":"https:\/\/danubeproperties.com\/de\/about-us\/leadership-team\/adel-sajan\/","og_site_name":"Danube Properties","article_modified_time":"2025-07-31T07:58:03+00:00","og_image":[{"url":"https:\/\/danubeproperties.com\/wp-content\/uploads\/2024\/09\/adel_sajan-732x1024.jpg","type":"","width":"","height":""}],"twitter_card":"summary_large_image","twitter_misc":{"Gesch\u00e4tzte Lesezeit":"1\u00a0Minute"},"schema":{"@context":"https:\/\/schema.org","@graph":[{"@type":"WebPage","@id":"https:\/\/danubeproperties.com\/de\/about-us\/leadership-team\/adel-sajan\/","url":"https:\/\/danubeproperties.com\/de\/about-us\/leadership-team\/adel-sajan\/","name":"Adel Sajan - Danube Properties","isPartOf":{"@id":"https:\/\/danubeproperties.com\/de\/#website"},"primaryImageOfPage":{"@id":"https:\/\/danubeproperties.com\/de\/about-us\/leadership-team\/adel-sajan\/#primaryimage"},"image":{"@id":"https:\/\/danubeproperties.com\/de\/about-us\/leadership-team\/adel-sajan\/#primaryimage"},"thumbnailUrl":"https:\/\/danubeproperties.com\/wp-content\/uploads\/2024\/09\/adel_sajan-732x1024.jpg","datePublished":"2024-09-12T08:50:47+00:00","dateModified":"2025-07-31T07:58:03+00:00","breadcrumb":{"@id":"https:\/\/danubeproperties.com\/de\/about-us\/leadership-team\/adel-sajan\/#breadcrumb"},"inLanguage":"de","potentialAction":[{"@type":"ReadAction","target":["https:\/\/danubeproperties.com\/de\/about-us\/leadership-team\/adel-sajan\/"]}]},{"@type":"ImageObject","inLanguage":"de","@id":"https:\/\/danubeproperties.com\/de\/about-us\/leadership-team\/adel-sajan\/#primaryimage","url":"https:\/\/danubeproperties.com\/wp-content\/uploads\/2024\/09\/adel_sajan-732x1024.jpg","contentUrl":"https:\/\/danubeproperties.com\/wp-content\/uploads\/2024\/09\/adel_sajan-732x1024.jpg"},{"@type":"BreadcrumbList","@id":"https:\/\/danubeproperties.com\/de\/about-us\/leadership-team\/adel-sajan\/#breadcrumb","itemListElement":[{"@type":"ListItem","position":1,"name":"Home","item":"https:\/\/danubeproperties.com\/de\/"},{"@type":"ListItem","position":2,"name":"About Us","item":"https:\/\/danubeproperties.com\/de\/about-us\/"},{"@type":"ListItem","position":3,"name":"Leadership Team","item":"https:\/\/danubeproperties.com\/de\/about-us\/leadership-team\/"},{"@type":"ListItem","position":4,"name":"Adel Sajan"}]},{"@type":"WebSite","@id":"https:\/\/danubeproperties.com\/de\/#website","url":"https:\/\/danubeproperties.com\/de\/","name":"Danube Properties","description":"","publisher":{"@id":"https:\/\/danubeproperties.com\/de\/#organization"},"potentialAction":[{"@type":"SearchAction","target":{"@type":"EntryPoint","urlTemplate":"https:\/\/danubeproperties.com\/de\/?s={search_term_string}"},"query-input":{"@type":"PropertyValueSpecification","valueRequired":true,"valueName":"search_term_string"}}],"inLanguage":"de"},{"@type":"Organization","@id":"https:\/\/danubeproperties.com\/de\/#organization","name":"Danube Properties","url":"https:\/\/danubeproperties.com\/de\/","logo":{"@type":"ImageObject","inLanguage":"de","@id":"https:\/\/danubeproperties.com\/de\/#\/schema\/logo\/image\/","url":"https:\/\/danubeproperties.com\/wp-content\/uploads\/2024\/02\/header-logo.png","contentUrl":"https:\/\/danubeproperties.com\/wp-content\/uploads\/2024\/02\/header-logo.png","width":373,"height":20,"caption":"Danube Properties"},"image":{"@id":"https:\/\/danubeproperties.com\/de\/#\/schema\/logo\/image\/"}}]}},"ACF":{"danube_page_mobile_featured_image_showhide":false},"_links":{"self":[{"href":"https:\/\/danubeproperties.com\/de\/wp-json\/wp\/v2\/pages\/137751","targetHints":{"allow":["GET"]}}],"collection":[{"href":"https:\/\/danubeproperties.com\/de\/wp-json\/wp\/v2\/pages"}],"about":[{"href":"https:\/\/danubeproperties.com\/de\/wp-json\/wp\/v2\/types\/page"}],"author":[{"embeddable":true,"href":"https:\/\/danubeproperties.com\/de\/wp-json\/wp\/v2\/users\/7"}],"replies":[{"embeddable":true,"href":"https:\/\/danubeproperties.com\/de\/wp-json\/wp\/v2\/comments?post=137751"}],"version-history":[{"count":4,"href":"https:\/\/danubeproperties.com\/de\/wp-json\/wp\/v2\/pages\/137751\/revisions"}],"predecessor-version":[{"id":137755,"href":"https:\/\/danubeproperties.com\/de\/wp-json\/wp\/v2\/pages\/137751\/revisions\/137755"}],"up":[{"embeddable":true,"href":"https:\/\/danubeproperties.com\/de\/wp-json\/wp\/v2\/pages\/135295"}],"wp:attachment":[{"href":"https:\/\/danubeproperties.com\/de\/wp-json\/wp\/v2\/media?parent=137751"}],"curies":[{"name":"wp","href":"https:\/\/api.w.org\/{rel}","templated":true}]}}