{"id":137746,"date":"2024-09-12T08:47:16","date_gmt":"2024-09-12T08:47:16","guid":{"rendered":"https:\/\/danubeproperties.com\/?page_id=137746"},"modified":"2025-07-31T07:55:00","modified_gmt":"2025-07-31T07:55:00","slug":"anis-sajan","status":"publish","type":"page","link":"https:\/\/danubeproperties.com\/de\/about-us\/leadership-team\/anis-sajan\/","title":{"rendered":"Anis Sajan"},"content":{"rendered":"\t\t<div data-elementor-type=\"wp-page\" data-elementor-id=\"137746\" class=\"elementor elementor-137746 elementor-28504\" data-elementor-post-type=\"page\">\n\t\t\t\t\t\t<section data-dce-background-color=\"#f7f2ec\" class=\"elementor-section elementor-top-section elementor-element elementor-element-45979294 elementor-section-stretched elementor-section-boxed elementor-section-height-default elementor-section-height-default\" data-id=\"45979294\" data-element_type=\"section\" data-settings=\"{&quot;stretch_section&quot;:&quot;section-stretched&quot;,&quot;background_background&quot;:&quot;classic&quot;}\">\n\t\t\t\t\t\t<div class=\"elementor-container elementor-column-gap-no\">\n\t\t\t\t\t<div class=\"elementor-column elementor-col-100 elementor-top-column elementor-element elementor-element-6bed1bf9\" data-id=\"6bed1bf9\" data-element_type=\"column\">\n\t\t\t<div class=\"elementor-widget-wrap elementor-element-populated\">\n\t\t\t\t\t\t<section data-dce-background-color=\"#ffffff\" class=\"elementor-section elementor-inner-section elementor-element elementor-element-3294d264 elementor-section-boxed elementor-section-height-default elementor-section-height-default\" data-id=\"3294d264\" data-element_type=\"section\" data-settings=\"{&quot;background_background&quot;:&quot;classic&quot;}\">\n\t\t\t\t\t\t<div class=\"elementor-container elementor-column-gap-no\">\n\t\t\t\t\t<div data-dce-background-image-url=\"https:\/\/danubeproperties.com\/wp-content\/uploads\/2024\/09\/anis_sajan.jpg\" class=\"elementor-column elementor-col-50 elementor-inner-column elementor-element elementor-element-17ee69b5\" data-id=\"17ee69b5\" data-element_type=\"column\" data-settings=\"{&quot;background_background&quot;:&quot;classic&quot;}\">\n\t\t\t<div class=\"elementor-widget-wrap elementor-element-populated\">\n\t\t\t\t\t\t<div class=\"elementor-element elementor-element-787ffc3a elementor-widget elementor-widget-spacer\" data-id=\"787ffc3a\" data-element_type=\"widget\" data-widget_type=\"spacer.default\">\n\t\t\t\t<div class=\"elementor-widget-container\">\n\t\t\t\t\t        <div class=\"elementor-spacer\">\n            <div class=\"elementor-spacer-inner\"><\/div>\n        <\/div>\n\t\t\t\t\t\t<\/div>\n\t\t\t\t<\/div>\n\t\t\t\t\t<\/div>\n\t\t<\/div>\n\t\t\t\t<div class=\"elementor-column elementor-col-50 elementor-inner-column elementor-element elementor-element-26586072\" data-id=\"26586072\" data-element_type=\"column\">\n\t\t\t<div class=\"elementor-widget-wrap elementor-element-populated\">\n\t\t\t\t\t\t<div class=\"elementor-element elementor-element-adcde28 animated-fast elementor-widget elementor-widget-text-editor\" data-id=\"adcde28\" data-element_type=\"widget\" data-settings=\"{&quot;_animation&quot;:&quot;none&quot;}\" data-widget_type=\"text-editor.default\">\n\t\t\t\t<div class=\"elementor-widget-container\">\n\t\t\t\t\t        <div class=\"elementor-text-editor elementor-clearfix\"><p>Herr Anis Sajan, stellvertretender Vorsitzender der Danube Group, verk\u00f6rpert vision\u00e4re F\u00fchrung im Bereich der Immobilienwirtschaft. Seine Reise vom Vertriebsleiter bei Eureka Forbes zur Gestaltung von Danube Properties als Symbol f\u00fcr Exzellenz spiegelt sein unersch\u00fctterliches Engagement f\u00fcr Innovation und Qualit\u00e4t wider.<\/p><p>Als engagierter Familienvater und Cricket-Liebhaber bringt Herr Sajan eine dynamische Perspektive in seine Rolle ein, wobei er Unternehmensf\u00fchrung mit pers\u00f6nlichen Leidenschaften in Einklang bringt. Unter seiner F\u00fchrung ist Danube Properties zum Synonym f\u00fcr innovative Wohnl\u00f6sungen geworden und setzt neue Ma\u00dfst\u00e4be f\u00fcr Luxus und Erschwinglichkeit.<\/p><p>\u00dcber Danube Properties hinaus leitet Herr Sajan Marken wie Milano und Casa Milano, die die Sanit\u00e4rwarenindustrie mit einer Mischung aus Funktionalit\u00e4t und Eleganz revolutionieren. Mit einem scharfen Blick f\u00fcr Chancen und einem Engagement f\u00fcr Exzellenz pr\u00e4gt Herr Anis Sajan weiterhin die Zukunft der Danube Group, hinterl\u00e4sst einen bleibenden Eindruck in der Branche und inspiriert andere, seinem Beispiel zu folgen.<\/p><\/div>\n        \t\t\t\t<\/div>\n\t\t\t\t<\/div>\n\t\t\t\t<div class=\"elementor-element elementor-element-29a1d1c5 elementor-widget elementor-widget-heading\" data-id=\"29a1d1c5\" data-element_type=\"widget\" data-widget_type=\"heading.default\">\n\t\t\t\t<div class=\"elementor-widget-container\">\n\t\t\t\t\t<div class=\"elementor-heading-wrapper\" ><div class=\"elementor-heading-wrapper-inner\"><h1 class=\"elementor-heading-title elementor-size-default\">MR. ANIS SAJAN<\/h1><\/div><\/div>\t\t\t\t<\/div>\n\t\t\t\t<\/div>\n\t\t\t\t<div class=\"elementor-element elementor-element-e57ad20 elementor-widget elementor-widget-heading\" data-id=\"e57ad20\" data-element_type=\"widget\" data-widget_type=\"heading.default\">\n\t\t\t\t<div class=\"elementor-widget-container\">\n\t\t\t\t\t<div class=\"elementor-heading-wrapper\" ><div class=\"elementor-heading-wrapper-inner\"><h2 class=\"elementor-heading-title elementor-size-default\">Stellvertretender Vorsitzender<\/h2><\/div><\/div>\t\t\t\t<\/div>\n\t\t\t\t<\/div>\n\t\t\t\t\t<\/div>\n\t\t<\/div>\n\t\t\t\t\t<\/div>\n\t\t<\/section>\n\t\t\t\t\t<\/div>\n\t\t<\/div>\n\t\t\t\t\t<\/div>\n\t\t<\/section>\n\t\t\t\t<\/div>\n\t\t","protected":false},"excerpt":{"rendered":"<p>Herr Anis Sajan, stellvertretender Vorsitzender der Danube Group, verk\u00f6rpert vision\u00e4re F\u00fchrung im Bereich der Immobilienwirtschaft. Seine Reise vom Vertriebsleiter bei Eureka Forbes zur Gestaltung von Danube Properties als Symbol f\u00fcr Exzellenz spiegelt sein unersch\u00fctterliches Engagement f\u00fcr Innovation und Qualit\u00e4t wider. Als engagierter Familienvater und Cricket-Liebhaber bringt Herr Sajan eine dynamische Perspektive in seine Rolle ein, &hellip; <\/p>\n<p class=\"link-more\"><a href=\"https:\/\/danubeproperties.com\/de\/portfolio\/dreamz-2\/\" class=\"more-link\">Read More <span class=\"screen-reader-text\"> &#8222;Dreamz&#8220;<\/span><\/a><\/p>\n","protected":false},"author":7,"featured_media":0,"parent":135295,"menu_order":0,"comment_status":"closed","ping_status":"closed","template":"","meta":{"_acf_changed":false,"inline_featured_image":false,"footnotes":""},"class_list":["post-137746","page","type-page","status-publish","hentry"],"acf":[],"yoast_head":"<!-- This site is optimized with the Yoast SEO plugin v26.7 - https:\/\/yoast.com\/wordpress\/plugins\/seo\/ -->\n<title>Anis Sajan - Danube Properties<\/title>\n<meta name=\"robots\" content=\"index, follow, max-snippet:-1, max-image-preview:large, max-video-preview:-1\" \/>\n<link rel=\"canonical\" href=\"https:\/\/danubeproperties.com\/de\/about-us\/leadership-team\/anis-sajan\/\" \/>\n<meta property=\"og:locale\" content=\"de_DE\" \/>\n<meta property=\"og:type\" content=\"article\" \/>\n<meta property=\"og:title\" content=\"Anis Sajan - Danube Properties\" \/>\n<meta property=\"og:description\" content=\"Herr Anis Sajan, stellvertretender Vorsitzender der Danube Group, verk\u00f6rpert vision\u00e4re F\u00fchrung im Bereich der Immobilienwirtschaft. Seine Reise vom Vertriebsleiter bei Eureka Forbes zur Gestaltung von Danube Properties als Symbol f\u00fcr Exzellenz spiegelt sein unersch\u00fctterliches Engagement f\u00fcr Innovation und Qualit\u00e4t wider. Als engagierter Familienvater und Cricket-Liebhaber bringt Herr Sajan eine dynamische Perspektive in seine Rolle ein, &hellip; Read More &quot;Dreamz&quot;\" \/>\n<meta property=\"og:url\" content=\"https:\/\/danubeproperties.com\/de\/about-us\/leadership-team\/anis-sajan\/\" \/>\n<meta property=\"og:site_name\" content=\"Danube Properties\" \/>\n<meta property=\"article:modified_time\" content=\"2025-07-31T07:55:00+00:00\" \/>\n<meta name=\"twitter:card\" content=\"summary_large_image\" \/>\n<meta name=\"twitter:label1\" content=\"Gesch\u00e4tzte Lesezeit\" \/>\n\t<meta name=\"twitter:data1\" content=\"1\u00a0Minute\" \/>\n<script type=\"application\/ld+json\" class=\"yoast-schema-graph\">{\"@context\":\"https:\/\/schema.org\",\"@graph\":[{\"@type\":\"WebPage\",\"@id\":\"https:\/\/danubeproperties.com\/de\/about-us\/leadership-team\/anis-sajan\/\",\"url\":\"https:\/\/danubeproperties.com\/de\/about-us\/leadership-team\/anis-sajan\/\",\"name\":\"Anis Sajan - Danube Properties\",\"isPartOf\":{\"@id\":\"https:\/\/danubeproperties.com\/de\/#website\"},\"datePublished\":\"2024-09-12T08:47:16+00:00\",\"dateModified\":\"2025-07-31T07:55:00+00:00\",\"breadcrumb\":{\"@id\":\"https:\/\/danubeproperties.com\/de\/about-us\/leadership-team\/anis-sajan\/#breadcrumb\"},\"inLanguage\":\"de\",\"potentialAction\":[{\"@type\":\"ReadAction\",\"target\":[\"https:\/\/danubeproperties.com\/de\/about-us\/leadership-team\/anis-sajan\/\"]}]},{\"@type\":\"BreadcrumbList\",\"@id\":\"https:\/\/danubeproperties.com\/de\/about-us\/leadership-team\/anis-sajan\/#breadcrumb\",\"itemListElement\":[{\"@type\":\"ListItem\",\"position\":1,\"name\":\"Home\",\"item\":\"https:\/\/danubeproperties.com\/de\/\"},{\"@type\":\"ListItem\",\"position\":2,\"name\":\"About Us\",\"item\":\"https:\/\/danubeproperties.com\/de\/about-us\/\"},{\"@type\":\"ListItem\",\"position\":3,\"name\":\"Leadership Team\",\"item\":\"https:\/\/danubeproperties.com\/de\/about-us\/leadership-team\/\"},{\"@type\":\"ListItem\",\"position\":4,\"name\":\"Anis Sajan\"}]},{\"@type\":\"WebSite\",\"@id\":\"https:\/\/danubeproperties.com\/de\/#website\",\"url\":\"https:\/\/danubeproperties.com\/de\/\",\"name\":\"Danube Properties\",\"description\":\"\",\"publisher\":{\"@id\":\"https:\/\/danubeproperties.com\/de\/#organization\"},\"potentialAction\":[{\"@type\":\"SearchAction\",\"target\":{\"@type\":\"EntryPoint\",\"urlTemplate\":\"https:\/\/danubeproperties.com\/de\/?s={search_term_string}\"},\"query-input\":{\"@type\":\"PropertyValueSpecification\",\"valueRequired\":true,\"valueName\":\"search_term_string\"}}],\"inLanguage\":\"de\"},{\"@type\":\"Organization\",\"@id\":\"https:\/\/danubeproperties.com\/de\/#organization\",\"name\":\"Danube Properties\",\"url\":\"https:\/\/danubeproperties.com\/de\/\",\"logo\":{\"@type\":\"ImageObject\",\"inLanguage\":\"de\",\"@id\":\"https:\/\/danubeproperties.com\/de\/#\/schema\/logo\/image\/\",\"url\":\"https:\/\/danubeproperties.com\/wp-content\/uploads\/2024\/02\/header-logo.png\",\"contentUrl\":\"https:\/\/danubeproperties.com\/wp-content\/uploads\/2024\/02\/header-logo.png\",\"width\":373,\"height\":20,\"caption\":\"Danube Properties\"},\"image\":{\"@id\":\"https:\/\/danubeproperties.com\/de\/#\/schema\/logo\/image\/\"}}]}<\/script>\n<!-- \/ Yoast SEO plugin. -->","yoast_head_json":{"title":"Anis Sajan - Danube Properties","robots":{"index":"index","follow":"follow","max-snippet":"max-snippet:-1","max-image-preview":"max-image-preview:large","max-video-preview":"max-video-preview:-1"},"canonical":"https:\/\/danubeproperties.com\/de\/about-us\/leadership-team\/anis-sajan\/","og_locale":"de_DE","og_type":"article","og_title":"Anis Sajan - Danube Properties","og_description":"Herr Anis Sajan, stellvertretender Vorsitzender der Danube Group, verk\u00f6rpert vision\u00e4re F\u00fchrung im Bereich der Immobilienwirtschaft. Seine Reise vom Vertriebsleiter bei Eureka Forbes zur Gestaltung von Danube Properties als Symbol f\u00fcr Exzellenz spiegelt sein unersch\u00fctterliches Engagement f\u00fcr Innovation und Qualit\u00e4t wider. Als engagierter Familienvater und Cricket-Liebhaber bringt Herr Sajan eine dynamische Perspektive in seine Rolle ein, &hellip; Read More \"Dreamz\"","og_url":"https:\/\/danubeproperties.com\/de\/about-us\/leadership-team\/anis-sajan\/","og_site_name":"Danube Properties","article_modified_time":"2025-07-31T07:55:00+00:00","twitter_card":"summary_large_image","twitter_misc":{"Gesch\u00e4tzte Lesezeit":"1\u00a0Minute"},"schema":{"@context":"https:\/\/schema.org","@graph":[{"@type":"WebPage","@id":"https:\/\/danubeproperties.com\/de\/about-us\/leadership-team\/anis-sajan\/","url":"https:\/\/danubeproperties.com\/de\/about-us\/leadership-team\/anis-sajan\/","name":"Anis Sajan - Danube Properties","isPartOf":{"@id":"https:\/\/danubeproperties.com\/de\/#website"},"datePublished":"2024-09-12T08:47:16+00:00","dateModified":"2025-07-31T07:55:00+00:00","breadcrumb":{"@id":"https:\/\/danubeproperties.com\/de\/about-us\/leadership-team\/anis-sajan\/#breadcrumb"},"inLanguage":"de","potentialAction":[{"@type":"ReadAction","target":["https:\/\/danubeproperties.com\/de\/about-us\/leadership-team\/anis-sajan\/"]}]},{"@type":"BreadcrumbList","@id":"https:\/\/danubeproperties.com\/de\/about-us\/leadership-team\/anis-sajan\/#breadcrumb","itemListElement":[{"@type":"ListItem","position":1,"name":"Home","item":"https:\/\/danubeproperties.com\/de\/"},{"@type":"ListItem","position":2,"name":"About Us","item":"https:\/\/danubeproperties.com\/de\/about-us\/"},{"@type":"ListItem","position":3,"name":"Leadership Team","item":"https:\/\/danubeproperties.com\/de\/about-us\/leadership-team\/"},{"@type":"ListItem","position":4,"name":"Anis Sajan"}]},{"@type":"WebSite","@id":"https:\/\/danubeproperties.com\/de\/#website","url":"https:\/\/danubeproperties.com\/de\/","name":"Danube Properties","description":"","publisher":{"@id":"https:\/\/danubeproperties.com\/de\/#organization"},"potentialAction":[{"@type":"SearchAction","target":{"@type":"EntryPoint","urlTemplate":"https:\/\/danubeproperties.com\/de\/?s={search_term_string}"},"query-input":{"@type":"PropertyValueSpecification","valueRequired":true,"valueName":"search_term_string"}}],"inLanguage":"de"},{"@type":"Organization","@id":"https:\/\/danubeproperties.com\/de\/#organization","name":"Danube Properties","url":"https:\/\/danubeproperties.com\/de\/","logo":{"@type":"ImageObject","inLanguage":"de","@id":"https:\/\/danubeproperties.com\/de\/#\/schema\/logo\/image\/","url":"https:\/\/danubeproperties.com\/wp-content\/uploads\/2024\/02\/header-logo.png","contentUrl":"https:\/\/danubeproperties.com\/wp-content\/uploads\/2024\/02\/header-logo.png","width":373,"height":20,"caption":"Danube Properties"},"image":{"@id":"https:\/\/danubeproperties.com\/de\/#\/schema\/logo\/image\/"}}]}},"ACF":{"danube_page_mobile_featured_image_showhide":false},"_links":{"self":[{"href":"https:\/\/danubeproperties.com\/de\/wp-json\/wp\/v2\/pages\/137746","targetHints":{"allow":["GET"]}}],"collection":[{"href":"https:\/\/danubeproperties.com\/de\/wp-json\/wp\/v2\/pages"}],"about":[{"href":"https:\/\/danubeproperties.com\/de\/wp-json\/wp\/v2\/types\/page"}],"author":[{"embeddable":true,"href":"https:\/\/danubeproperties.com\/de\/wp-json\/wp\/v2\/users\/7"}],"replies":[{"embeddable":true,"href":"https:\/\/danubeproperties.com\/de\/wp-json\/wp\/v2\/comments?post=137746"}],"version-history":[{"count":4,"href":"https:\/\/danubeproperties.com\/de\/wp-json\/wp\/v2\/pages\/137746\/revisions"}],"predecessor-version":[{"id":137750,"href":"https:\/\/danubeproperties.com\/de\/wp-json\/wp\/v2\/pages\/137746\/revisions\/137750"}],"up":[{"embeddable":true,"href":"https:\/\/danubeproperties.com\/de\/wp-json\/wp\/v2\/pages\/135295"}],"wp:attachment":[{"href":"https:\/\/danubeproperties.com\/de\/wp-json\/wp\/v2\/media?parent=137746"}],"curies":[{"name":"wp","href":"https:\/\/api.w.org\/{rel}","templated":true}]}}