{"id":137738,"date":"2024-09-12T08:28:44","date_gmt":"2024-09-12T08:28:44","guid":{"rendered":"https:\/\/danubeproperties.com\/?page_id=137738"},"modified":"2025-07-31T07:50:38","modified_gmt":"2025-07-31T07:50:38","slug":"rizwan-sajan","status":"publish","type":"page","link":"https:\/\/danubeproperties.com\/de\/about-us\/leadership-team\/rizwan-sajan\/","title":{"rendered":"Rizwan Sajan"},"content":{"rendered":"\t\t<div data-elementor-type=\"wp-page\" data-elementor-id=\"137738\" class=\"elementor elementor-137738 elementor-28479\" data-elementor-post-type=\"page\">\n\t\t\t\t\t\t<section data-dce-background-color=\"#f7f2ec\" class=\"elementor-section elementor-top-section elementor-element elementor-element-45979294 elementor-section-stretched elementor-section-boxed elementor-section-height-default elementor-section-height-default\" data-id=\"45979294\" data-element_type=\"section\" data-settings=\"{&quot;stretch_section&quot;:&quot;section-stretched&quot;,&quot;background_background&quot;:&quot;classic&quot;}\">\n\t\t\t\t\t\t<div class=\"elementor-container elementor-column-gap-no\">\n\t\t\t\t\t<div class=\"elementor-column elementor-col-100 elementor-top-column elementor-element elementor-element-6bed1bf9\" data-id=\"6bed1bf9\" data-element_type=\"column\">\n\t\t\t<div class=\"elementor-widget-wrap elementor-element-populated\">\n\t\t\t\t\t\t<section data-dce-background-color=\"#ffffff\" class=\"elementor-section elementor-inner-section elementor-element elementor-element-3294d264 elementor-section-boxed elementor-section-height-default elementor-section-height-default\" data-id=\"3294d264\" data-element_type=\"section\" data-settings=\"{&quot;background_background&quot;:&quot;classic&quot;}\">\n\t\t\t\t\t\t<div class=\"elementor-container elementor-column-gap-no\">\n\t\t\t\t\t<div data-dce-background-image-url=\"https:\/\/danubeproperties.com\/wp-content\/uploads\/2024\/09\/chairman.jpg\" class=\"elementor-column elementor-col-50 elementor-inner-column elementor-element elementor-element-17ee69b5\" data-id=\"17ee69b5\" data-element_type=\"column\" data-settings=\"{&quot;background_background&quot;:&quot;classic&quot;}\">\n\t\t\t<div class=\"elementor-widget-wrap elementor-element-populated\">\n\t\t\t\t\t\t<div class=\"elementor-element elementor-element-787ffc3a elementor-widget elementor-widget-spacer\" data-id=\"787ffc3a\" data-element_type=\"widget\" data-widget_type=\"spacer.default\">\n\t\t\t\t<div class=\"elementor-widget-container\">\n\t\t\t\t\t        <div class=\"elementor-spacer\">\n            <div class=\"elementor-spacer-inner\"><\/div>\n        <\/div>\n\t\t\t\t\t\t<\/div>\n\t\t\t\t<\/div>\n\t\t\t\t\t<\/div>\n\t\t<\/div>\n\t\t\t\t<div class=\"elementor-column elementor-col-50 elementor-inner-column elementor-element elementor-element-26586072\" data-id=\"26586072\" data-element_type=\"column\">\n\t\t\t<div class=\"elementor-widget-wrap elementor-element-populated\">\n\t\t\t\t\t\t<div class=\"elementor-element elementor-element-adcde28 animated-fast elementor-widget elementor-widget-text-editor\" data-id=\"adcde28\" data-element_type=\"widget\" data-settings=\"{&quot;_animation&quot;:&quot;none&quot;}\" data-widget_type=\"text-editor.default\">\n\t\t\t\t<div class=\"elementor-widget-container\">\n\t\t\t\t\t        <div class=\"elementor-text-editor elementor-clearfix\"><p>Rizwan Sajan, der Vorsitzende und Gr\u00fcnder der Danube Group, steht als vision\u00e4re Kraft in der Gesch\u00e4ftswelt mit \u00fcber drei Jahrzehnten bew\u00e4hrten Erfolgs. Gefeiert f\u00fcr seinen unternehmerischen Geist und seine vorausschauende F\u00fchrung hat er eine entscheidende Rolle bei der Gestaltung der Wirtschaftslandschaft des Nahen Ostens gespielt.\u00a0<\/p><p>Mit einem unerm\u00fcdlichen Antrieb zu innovieren und den Status quo in Frage zu stellen, zeichnet sich Rizwans F\u00fchrungsstil durch einen praktischen Ansatz, ein tiefes Engagement f\u00fcr Exzellenz und einen unersch\u00fctterlichen Glauben an die Kraft der Beharrlichkeit aus. Seine F\u00e4higkeit zu inspirieren und mit gutem Beispiel voranzugehen hat eine Kultur der Verantwortlichkeit, Kreativit\u00e4t und des kontinuierlichen Wachstums in der gesamten Danube Group gef\u00f6rdert.<\/p><p>Unter seiner F\u00fchrung ist Danube zu einem der vertrauensw\u00fcrdigsten und diversifiziertesten Konzerne der Region herangewachsen, der die Werte Vertrauen, Integrit\u00e4t und Fortschritt verk\u00f6rpert.<\/p><\/div>\n        \t\t\t\t<\/div>\n\t\t\t\t<\/div>\n\t\t\t\t<div class=\"elementor-element elementor-element-7a3daea elementor-widget elementor-widget-heading\" data-id=\"7a3daea\" data-element_type=\"widget\" data-widget_type=\"heading.default\">\n\t\t\t\t<div class=\"elementor-widget-container\">\n\t\t\t\t\t<div class=\"elementor-heading-wrapper\" ><div class=\"elementor-heading-wrapper-inner\"><h1 class=\"elementor-heading-title elementor-size-default\">MR. RIZWAN SAJAN<\/h1><\/div><\/div>\t\t\t\t<\/div>\n\t\t\t\t<\/div>\n\t\t\t\t<div class=\"elementor-element elementor-element-24515ed elementor-widget elementor-widget-heading\" data-id=\"24515ed\" data-element_type=\"widget\" data-widget_type=\"heading.default\">\n\t\t\t\t<div class=\"elementor-widget-container\">\n\t\t\t\t\t<div class=\"elementor-heading-wrapper\" ><div class=\"elementor-heading-wrapper-inner\"><h2 class=\"elementor-heading-title elementor-size-default\">Gr\u00fcnder und Vorsitzender \u2013 Danube<\/h2><\/div><\/div>\t\t\t\t<\/div>\n\t\t\t\t<\/div>\n\t\t\t\t\t<\/div>\n\t\t<\/div>\n\t\t\t\t\t<\/div>\n\t\t<\/section>\n\t\t\t\t\t<\/div>\n\t\t<\/div>\n\t\t\t\t\t<\/div>\n\t\t<\/section>\n\t\t\t\t<\/div>\n\t\t","protected":false},"excerpt":{"rendered":"<p>Rizwan Sajan, der Vorsitzende und Gr\u00fcnder der Danube Group, steht als vision\u00e4re Kraft in der Gesch\u00e4ftswelt mit \u00fcber drei Jahrzehnten bew\u00e4hrten Erfolgs. Gefeiert f\u00fcr seinen unternehmerischen Geist und seine vorausschauende F\u00fchrung hat er eine entscheidende Rolle bei der Gestaltung der Wirtschaftslandschaft des Nahen Ostens gespielt.\u00a0 Mit einem unerm\u00fcdlichen Antrieb zu innovieren und den Status quo &hellip; <\/p>\n<p class=\"link-more\"><a href=\"https:\/\/danubeproperties.com\/de\/portfolio\/dreamz-2\/\" class=\"more-link\">Read More <span class=\"screen-reader-text\"> &#8222;Dreamz&#8220;<\/span><\/a><\/p>\n","protected":false},"author":7,"featured_media":0,"parent":135295,"menu_order":0,"comment_status":"closed","ping_status":"closed","template":"","meta":{"_acf_changed":false,"inline_featured_image":false,"footnotes":""},"class_list":["post-137738","page","type-page","status-publish","hentry"],"acf":[],"yoast_head":"<!-- This site is optimized with the Yoast SEO plugin v26.7 - https:\/\/yoast.com\/wordpress\/plugins\/seo\/ -->\n<title>Rizwan Sajan - Danube Properties<\/title>\n<meta name=\"robots\" content=\"index, follow, max-snippet:-1, max-image-preview:large, max-video-preview:-1\" \/>\n<link rel=\"canonical\" href=\"https:\/\/danubeproperties.com\/de\/about-us\/leadership-team\/rizwan-sajan\/\" \/>\n<meta property=\"og:locale\" content=\"de_DE\" \/>\n<meta property=\"og:type\" content=\"article\" \/>\n<meta property=\"og:title\" content=\"Rizwan Sajan - Danube Properties\" \/>\n<meta property=\"og:description\" content=\"Rizwan Sajan, der Vorsitzende und Gr\u00fcnder der Danube Group, steht als vision\u00e4re Kraft in der Gesch\u00e4ftswelt mit \u00fcber drei Jahrzehnten bew\u00e4hrten Erfolgs. Gefeiert f\u00fcr seinen unternehmerischen Geist und seine vorausschauende F\u00fchrung hat er eine entscheidende Rolle bei der Gestaltung der Wirtschaftslandschaft des Nahen Ostens gespielt.\u00a0 Mit einem unerm\u00fcdlichen Antrieb zu innovieren und den Status quo &hellip; Read More &quot;Dreamz&quot;\" \/>\n<meta property=\"og:url\" content=\"https:\/\/danubeproperties.com\/de\/about-us\/leadership-team\/rizwan-sajan\/\" \/>\n<meta property=\"og:site_name\" content=\"Danube Properties\" \/>\n<meta property=\"article:modified_time\" content=\"2025-07-31T07:50:38+00:00\" \/>\n<meta name=\"twitter:card\" content=\"summary_large_image\" \/>\n<meta name=\"twitter:label1\" content=\"Gesch\u00e4tzte Lesezeit\" \/>\n\t<meta name=\"twitter:data1\" content=\"1\u00a0Minute\" \/>\n<script type=\"application\/ld+json\" class=\"yoast-schema-graph\">{\"@context\":\"https:\/\/schema.org\",\"@graph\":[{\"@type\":\"WebPage\",\"@id\":\"https:\/\/danubeproperties.com\/de\/about-us\/leadership-team\/rizwan-sajan\/\",\"url\":\"https:\/\/danubeproperties.com\/de\/about-us\/leadership-team\/rizwan-sajan\/\",\"name\":\"Rizwan Sajan - Danube Properties\",\"isPartOf\":{\"@id\":\"https:\/\/danubeproperties.com\/de\/#website\"},\"datePublished\":\"2024-09-12T08:28:44+00:00\",\"dateModified\":\"2025-07-31T07:50:38+00:00\",\"breadcrumb\":{\"@id\":\"https:\/\/danubeproperties.com\/de\/about-us\/leadership-team\/rizwan-sajan\/#breadcrumb\"},\"inLanguage\":\"de\",\"potentialAction\":[{\"@type\":\"ReadAction\",\"target\":[\"https:\/\/danubeproperties.com\/de\/about-us\/leadership-team\/rizwan-sajan\/\"]}]},{\"@type\":\"BreadcrumbList\",\"@id\":\"https:\/\/danubeproperties.com\/de\/about-us\/leadership-team\/rizwan-sajan\/#breadcrumb\",\"itemListElement\":[{\"@type\":\"ListItem\",\"position\":1,\"name\":\"Home\",\"item\":\"https:\/\/danubeproperties.com\/de\/\"},{\"@type\":\"ListItem\",\"position\":2,\"name\":\"About Us\",\"item\":\"https:\/\/danubeproperties.com\/de\/about-us\/\"},{\"@type\":\"ListItem\",\"position\":3,\"name\":\"Leadership Team\",\"item\":\"https:\/\/danubeproperties.com\/de\/about-us\/leadership-team\/\"},{\"@type\":\"ListItem\",\"position\":4,\"name\":\"Rizwan Sajan\"}]},{\"@type\":\"WebSite\",\"@id\":\"https:\/\/danubeproperties.com\/de\/#website\",\"url\":\"https:\/\/danubeproperties.com\/de\/\",\"name\":\"Danube Properties\",\"description\":\"\",\"publisher\":{\"@id\":\"https:\/\/danubeproperties.com\/de\/#organization\"},\"potentialAction\":[{\"@type\":\"SearchAction\",\"target\":{\"@type\":\"EntryPoint\",\"urlTemplate\":\"https:\/\/danubeproperties.com\/de\/?s={search_term_string}\"},\"query-input\":{\"@type\":\"PropertyValueSpecification\",\"valueRequired\":true,\"valueName\":\"search_term_string\"}}],\"inLanguage\":\"de\"},{\"@type\":\"Organization\",\"@id\":\"https:\/\/danubeproperties.com\/de\/#organization\",\"name\":\"Danube Properties\",\"url\":\"https:\/\/danubeproperties.com\/de\/\",\"logo\":{\"@type\":\"ImageObject\",\"inLanguage\":\"de\",\"@id\":\"https:\/\/danubeproperties.com\/de\/#\/schema\/logo\/image\/\",\"url\":\"https:\/\/danubeproperties.com\/wp-content\/uploads\/2024\/02\/header-logo.png\",\"contentUrl\":\"https:\/\/danubeproperties.com\/wp-content\/uploads\/2024\/02\/header-logo.png\",\"width\":373,\"height\":20,\"caption\":\"Danube Properties\"},\"image\":{\"@id\":\"https:\/\/danubeproperties.com\/de\/#\/schema\/logo\/image\/\"}}]}<\/script>\n<!-- \/ Yoast SEO plugin. -->","yoast_head_json":{"title":"Rizwan Sajan - Danube Properties","robots":{"index":"index","follow":"follow","max-snippet":"max-snippet:-1","max-image-preview":"max-image-preview:large","max-video-preview":"max-video-preview:-1"},"canonical":"https:\/\/danubeproperties.com\/de\/about-us\/leadership-team\/rizwan-sajan\/","og_locale":"de_DE","og_type":"article","og_title":"Rizwan Sajan - Danube Properties","og_description":"Rizwan Sajan, der Vorsitzende und Gr\u00fcnder der Danube Group, steht als vision\u00e4re Kraft in der Gesch\u00e4ftswelt mit \u00fcber drei Jahrzehnten bew\u00e4hrten Erfolgs. Gefeiert f\u00fcr seinen unternehmerischen Geist und seine vorausschauende F\u00fchrung hat er eine entscheidende Rolle bei der Gestaltung der Wirtschaftslandschaft des Nahen Ostens gespielt.\u00a0 Mit einem unerm\u00fcdlichen Antrieb zu innovieren und den Status quo &hellip; Read More \"Dreamz\"","og_url":"https:\/\/danubeproperties.com\/de\/about-us\/leadership-team\/rizwan-sajan\/","og_site_name":"Danube Properties","article_modified_time":"2025-07-31T07:50:38+00:00","twitter_card":"summary_large_image","twitter_misc":{"Gesch\u00e4tzte Lesezeit":"1\u00a0Minute"},"schema":{"@context":"https:\/\/schema.org","@graph":[{"@type":"WebPage","@id":"https:\/\/danubeproperties.com\/de\/about-us\/leadership-team\/rizwan-sajan\/","url":"https:\/\/danubeproperties.com\/de\/about-us\/leadership-team\/rizwan-sajan\/","name":"Rizwan Sajan - Danube Properties","isPartOf":{"@id":"https:\/\/danubeproperties.com\/de\/#website"},"datePublished":"2024-09-12T08:28:44+00:00","dateModified":"2025-07-31T07:50:38+00:00","breadcrumb":{"@id":"https:\/\/danubeproperties.com\/de\/about-us\/leadership-team\/rizwan-sajan\/#breadcrumb"},"inLanguage":"de","potentialAction":[{"@type":"ReadAction","target":["https:\/\/danubeproperties.com\/de\/about-us\/leadership-team\/rizwan-sajan\/"]}]},{"@type":"BreadcrumbList","@id":"https:\/\/danubeproperties.com\/de\/about-us\/leadership-team\/rizwan-sajan\/#breadcrumb","itemListElement":[{"@type":"ListItem","position":1,"name":"Home","item":"https:\/\/danubeproperties.com\/de\/"},{"@type":"ListItem","position":2,"name":"About Us","item":"https:\/\/danubeproperties.com\/de\/about-us\/"},{"@type":"ListItem","position":3,"name":"Leadership Team","item":"https:\/\/danubeproperties.com\/de\/about-us\/leadership-team\/"},{"@type":"ListItem","position":4,"name":"Rizwan Sajan"}]},{"@type":"WebSite","@id":"https:\/\/danubeproperties.com\/de\/#website","url":"https:\/\/danubeproperties.com\/de\/","name":"Danube Properties","description":"","publisher":{"@id":"https:\/\/danubeproperties.com\/de\/#organization"},"potentialAction":[{"@type":"SearchAction","target":{"@type":"EntryPoint","urlTemplate":"https:\/\/danubeproperties.com\/de\/?s={search_term_string}"},"query-input":{"@type":"PropertyValueSpecification","valueRequired":true,"valueName":"search_term_string"}}],"inLanguage":"de"},{"@type":"Organization","@id":"https:\/\/danubeproperties.com\/de\/#organization","name":"Danube Properties","url":"https:\/\/danubeproperties.com\/de\/","logo":{"@type":"ImageObject","inLanguage":"de","@id":"https:\/\/danubeproperties.com\/de\/#\/schema\/logo\/image\/","url":"https:\/\/danubeproperties.com\/wp-content\/uploads\/2024\/02\/header-logo.png","contentUrl":"https:\/\/danubeproperties.com\/wp-content\/uploads\/2024\/02\/header-logo.png","width":373,"height":20,"caption":"Danube Properties"},"image":{"@id":"https:\/\/danubeproperties.com\/de\/#\/schema\/logo\/image\/"}}]}},"ACF":{"danube_page_mobile_featured_image_showhide":false},"_links":{"self":[{"href":"https:\/\/danubeproperties.com\/de\/wp-json\/wp\/v2\/pages\/137738","targetHints":{"allow":["GET"]}}],"collection":[{"href":"https:\/\/danubeproperties.com\/de\/wp-json\/wp\/v2\/pages"}],"about":[{"href":"https:\/\/danubeproperties.com\/de\/wp-json\/wp\/v2\/types\/page"}],"author":[{"embeddable":true,"href":"https:\/\/danubeproperties.com\/de\/wp-json\/wp\/v2\/users\/7"}],"replies":[{"embeddable":true,"href":"https:\/\/danubeproperties.com\/de\/wp-json\/wp\/v2\/comments?post=137738"}],"version-history":[{"count":4,"href":"https:\/\/danubeproperties.com\/de\/wp-json\/wp\/v2\/pages\/137738\/revisions"}],"predecessor-version":[{"id":137745,"href":"https:\/\/danubeproperties.com\/de\/wp-json\/wp\/v2\/pages\/137738\/revisions\/137745"}],"up":[{"embeddable":true,"href":"https:\/\/danubeproperties.com\/de\/wp-json\/wp\/v2\/pages\/135295"}],"wp:attachment":[{"href":"https:\/\/danubeproperties.com\/de\/wp-json\/wp\/v2\/media?parent=137738"}],"curies":[{"name":"wp","href":"https:\/\/api.w.org\/{rel}","templated":true}]}}