{"id":135367,"date":"2024-03-06T18:12:36","date_gmt":"2024-03-06T18:12:36","guid":{"rendered":"https:\/\/danubeproperties.com\/?page_id=135367"},"modified":"2025-08-18T06:18:18","modified_gmt":"2025-08-18T06:18:18","slug":"1-payment-plan","status":"publish","type":"page","link":"https:\/\/danubeproperties.com\/de\/1-payment-plan\/","title":{"rendered":"1% Payment Plan"},"content":{"rendered":"\t\t<div data-elementor-type=\"wp-page\" data-elementor-id=\"135367\" class=\"elementor elementor-135367 elementor-17353\" data-elementor-post-type=\"page\">\n\t\t\t\t<div class=\"elementor-element elementor-element-859c1b5 e-flex e-con-boxed e-con e-parent\" data-id=\"859c1b5\" data-element_type=\"container\">\n\t\t\t\t\t<div class=\"e-con-inner\">\n\t\t\t\t<div class=\"elementor-element elementor-element-5a65eee elementor-widget elementor-widget-heading\" data-id=\"5a65eee\" data-element_type=\"widget\" data-widget_type=\"heading.default\">\n\t\t\t\t<div class=\"elementor-widget-container\">\n\t\t\t\t\t<div class=\"elementor-heading-wrapper\" ><div class=\"elementor-heading-wrapper-inner\"><h1 class=\"elementor-heading-title elementor-size-default\">1%-Zahlungsplan einf\u00fchrt<\/h1><\/div><\/div>\t\t\t\t<\/div>\n\t\t\t\t<\/div>\n\t\t\t\t<div class=\"elementor-element elementor-element-3d14d2a elementor-widget-divider--view-line elementor-widget elementor-widget-divider\" data-id=\"3d14d2a\" data-element_type=\"widget\" data-widget_type=\"divider.default\">\n\t\t\t\t<div class=\"elementor-widget-container\">\n\t\t\t\t\t\t\t<div class=\"elementor-divider\">\n\t\t\t<span class=\"elementor-divider-separator\">\n\t\t\t\t\t\t<\/span>\n\t\t<\/div>\n\t\t\t\t\t\t<\/div>\n\t\t\t\t<\/div>\n\t\t\t\t<div class=\"elementor-element elementor-element-70a9f52 animated-fast justify-center elementor-widget elementor-widget-text-editor\" data-id=\"70a9f52\" data-element_type=\"widget\" data-settings=\"{&quot;_animation&quot;:&quot;none&quot;}\" data-widget_type=\"text-editor.default\">\n\t\t\t\t<div class=\"elementor-widget-container\">\n\t\t\t\t\t        <div class=\"elementor-text-editor elementor-clearfix\"><p>Rizwan Sajan, Gr\u00fcnder und Vorsitzender der Danube Group, begann seine Karriere als Milchverk\u00e4ufer und baute in den Vereinigten Arabischen Emiraten einen Milliardenkonzern auf. Heute ist er f\u00fcr den Bau von Traumh\u00e4usern f\u00fcr Expats im Nahen Osten mit seinem revolution\u00e4ren 1-%-Zahlungsplan verantwortlich. Er ist ein mit dem Forbes-Award ausgezeichneter Unternehmer und in Dubai als der 1%-Mann bekannt.<\/p><p>Mit dem 1%-Zahlungsplan k\u00f6nnen die W\u00fcnsche aller Expats in Dubai erf\u00fcllt werden, ein eigenes Traumhaus zu besitzen und den Luxus zu genie\u00dfen, den diese pulsierende Stadt zu bieten hat. Neben einer geringen Anzahlung von rund 20 % m\u00fcssen die K\u00e4ufer eine monatliche Rate von 1 % leisten, der Restbetrag wird eingezogen, sobald das Geb\u00e4ude fertig ist. Seit mehr als einem Jahrzehnt hat Danube Properties im Rahmen dieses Plans \u00fcber 15.000 Wohnungen fertiggestellt.<\/p><p>Danube Properties ist der erste Entwickler in der Region, der diesen revolution\u00e4ren 1%-Zahlungsplan einf\u00fchrt. Es ist ein Beispiel f\u00fcr das Engagement, Investoren, die in den VAE Wohnungen kaufen m\u00f6chten, erschwinglichen Luxus anzubieten. Der Immobilienmarkt in den Vereinigten Arabischen Emiraten, insbesondere in Dubai, hat ein erhebliches Wachstum erlebt, und dieser Plan bietet eine attraktive Option f\u00fcr diejenigen, die eine Wohnung mit flexiblen Raten kaufen m\u00f6chten. Dieser innovative Ansatz erm\u00f6glicht es vielen, ihren Traum vom Eigenheim zu verwirklichen und erleichtert die Sicherung einer Wohnung in dieser florierenden Region.<\/p><\/div>\n        \t\t\t\t<\/div>\n\t\t\t\t<\/div>\n\t\t\t\t<div class=\"elementor-element elementor-element-aff552b elementor-widget elementor-widget-spacer\" data-id=\"aff552b\" data-element_type=\"widget\" data-widget_type=\"spacer.default\">\n\t\t\t\t<div class=\"elementor-widget-container\">\n\t\t\t\t\t        <div class=\"elementor-spacer\">\n            <div class=\"elementor-spacer-inner\"><\/div>\n        <\/div>\n\t\t\t\t\t\t<\/div>\n\t\t\t\t<\/div>\n\t\t\t\t<div class=\"elementor-element elementor-element-0487409 faq-section elementor-widget elementor-widget-toggle\" data-id=\"0487409\" data-element_type=\"widget\" data-widget_type=\"toggle.default\">\n\t\t\t\t<div class=\"elementor-widget-container\">\n\t\t\t\t\t\t\t<div class=\"elementor-toggle\">\n\t\t\t\t\t\t\t<div class=\"elementor-toggle-item\">\n\t\t\t\t\t<div id=\"elementor-tab-title-4741\" class=\"elementor-tab-title\" data-tab=\"1\" role=\"button\" aria-controls=\"elementor-tab-content-4741\" aria-expanded=\"false\">\n\t\t\t\t\t\t\t\t\t\t\t\t<span class=\"elementor-toggle-icon elementor-toggle-icon-right\" aria-hidden=\"true\">\n\t\t\t\t\t\t\t\t\t\t\t\t\t\t\t<span class=\"elementor-toggle-icon-closed\"><svg xmlns=\"http:\/\/www.w3.org\/2000\/svg\" width=\"16\" height=\"17\" viewBox=\"0 0 16 17\" fill=\"none\"><path d=\"M15.7222 1.74077L13.1608 1.74077L13.1608 11.8507L2.14577 0.835674L0.335577 2.64587L11.3506 13.6609L1.24067 13.6609L1.24067 16.2223L15.7222 16.2223L15.7222 1.74077Z\" fill=\"#BDA588\"><\/path><\/svg><\/span>\n\t\t\t\t\t\t\t\t<span class=\"elementor-toggle-icon-opened\"><svg xmlns=\"http:\/\/www.w3.org\/2000\/svg\" width=\"16\" height=\"16\" viewBox=\"0 0 16 16\" fill=\"none\"><path d=\"M1.48101 0.438916L1.48101 3.00034L11.5909 3.00034L0.575909 14.0154L2.3861 15.8256L13.4011 4.81053L13.4011 14.9205L15.9625 14.9205V0.438916H1.48101Z\" fill=\"black\"><\/path><\/svg><\/span>\n\t\t\t\t\t\t\t\t\t\t\t\t\t<\/span>\n\t\t\t\t\t\t\t\t\t\t\t\t<a class=\"elementor-toggle-title\" tabindex=\"0\">Toggle #1<\/a>\n\t\t\t\t\t<\/div>\n\n\t\t\t\t\t<div id=\"elementor-tab-content-4741\" class=\"elementor-tab-content elementor-clearfix\" data-tab=\"1\" role=\"region\" aria-labelledby=\"elementor-tab-title-4741\">Lorem ipsum dolor sit amet, consectetur adipiscing elit. Ut elit tellus, luctus nec ullamcorper mattis, pulvinar dapibus leo.<\/div>\n\t\t\t\t<\/div>\n\t\t\t\t\t\t\t<div class=\"elementor-toggle-item\">\n\t\t\t\t\t<div id=\"elementor-tab-title-4742\" class=\"elementor-tab-title\" data-tab=\"2\" role=\"button\" aria-controls=\"elementor-tab-content-4742\" aria-expanded=\"false\">\n\t\t\t\t\t\t\t\t\t\t\t\t<span class=\"elementor-toggle-icon elementor-toggle-icon-right\" aria-hidden=\"true\">\n\t\t\t\t\t\t\t\t\t\t\t\t\t\t\t<span class=\"elementor-toggle-icon-closed\"><svg xmlns=\"http:\/\/www.w3.org\/2000\/svg\" width=\"16\" height=\"17\" viewBox=\"0 0 16 17\" fill=\"none\"><path d=\"M15.7222 1.74077L13.1608 1.74077L13.1608 11.8507L2.14577 0.835674L0.335577 2.64587L11.3506 13.6609L1.24067 13.6609L1.24067 16.2223L15.7222 16.2223L15.7222 1.74077Z\" fill=\"#BDA588\"><\/path><\/svg><\/span>\n\t\t\t\t\t\t\t\t<span class=\"elementor-toggle-icon-opened\"><svg xmlns=\"http:\/\/www.w3.org\/2000\/svg\" width=\"16\" height=\"16\" viewBox=\"0 0 16 16\" fill=\"none\"><path d=\"M1.48101 0.438916L1.48101 3.00034L11.5909 3.00034L0.575909 14.0154L2.3861 15.8256L13.4011 4.81053L13.4011 14.9205L15.9625 14.9205V0.438916H1.48101Z\" fill=\"black\"><\/path><\/svg><\/span>\n\t\t\t\t\t\t\t\t\t\t\t\t\t<\/span>\n\t\t\t\t\t\t\t\t\t\t\t\t<a class=\"elementor-toggle-title\" tabindex=\"0\">Toggle #2<\/a>\n\t\t\t\t\t<\/div>\n\n\t\t\t\t\t<div id=\"elementor-tab-content-4742\" class=\"elementor-tab-content elementor-clearfix\" data-tab=\"2\" role=\"region\" aria-labelledby=\"elementor-tab-title-4742\">Lorem ipsum dolor sit amet, consectetur adipiscing elit. Ut elit tellus, luctus nec ullamcorper mattis, pulvinar dapibus leo.<\/div>\n\t\t\t\t<\/div>\n\t\t\t\t\t\t\t\t<\/div>\n\t\t\t\t\t\t<\/div>\n\t\t\t\t<\/div>\n\t\t\t\t\t<\/div>\n\t\t\t\t<\/div>\n\t\t\t\t<\/div>\n\t\t","protected":false},"excerpt":{"rendered":"<p>1%-Zahlungsplan einf\u00fchrt Rizwan Sajan, Gr\u00fcnder und Vorsitzender der Danube Group, begann seine Karriere als Milchverk\u00e4ufer und baute in den Vereinigten Arabischen Emiraten einen Milliardenkonzern auf. Heute ist er f\u00fcr den Bau von Traumh\u00e4usern f\u00fcr Expats im Nahen Osten mit seinem revolution\u00e4ren 1-%-Zahlungsplan verantwortlich. Er ist ein mit dem Forbes-Award ausgezeichneter Unternehmer und in Dubai als &hellip; <\/p>\n<p class=\"link-more\"><a href=\"https:\/\/danubeproperties.com\/de\/portfolio\/dreamz-2\/\" class=\"more-link\">Read More <span class=\"screen-reader-text\"> &#8222;Dreamz&#8220;<\/span><\/a><\/p>\n","protected":false},"author":7,"featured_media":0,"parent":0,"menu_order":0,"comment_status":"closed","ping_status":"closed","template":"page-elementor.php","meta":{"_acf_changed":false,"inline_featured_image":false,"footnotes":""},"class_list":["post-135367","page","type-page","status-publish","hentry"],"acf":[],"yoast_head":"<!-- This site is optimized with the Yoast SEO plugin v26.7 - https:\/\/yoast.com\/wordpress\/plugins\/seo\/ -->\n<title>1% Payment Plan - Danube Properties<\/title>\n<meta name=\"robots\" content=\"index, follow, max-snippet:-1, max-image-preview:large, max-video-preview:-1\" \/>\n<link rel=\"canonical\" href=\"https:\/\/danubeproperties.com\/de\/1-payment-plan\/\" \/>\n<meta property=\"og:locale\" content=\"de_DE\" \/>\n<meta property=\"og:type\" content=\"article\" \/>\n<meta property=\"og:title\" content=\"1% Payment Plan - Danube Properties\" \/>\n<meta property=\"og:description\" content=\"1%-Zahlungsplan einf\u00fchrt Rizwan Sajan, Gr\u00fcnder und Vorsitzender der Danube Group, begann seine Karriere als Milchverk\u00e4ufer und baute in den Vereinigten Arabischen Emiraten einen Milliardenkonzern auf. Heute ist er f\u00fcr den Bau von Traumh\u00e4usern f\u00fcr Expats im Nahen Osten mit seinem revolution\u00e4ren 1-%-Zahlungsplan verantwortlich. Er ist ein mit dem Forbes-Award ausgezeichneter Unternehmer und in Dubai als &hellip; Read More &quot;Dreamz&quot;\" \/>\n<meta property=\"og:url\" content=\"https:\/\/danubeproperties.com\/de\/1-payment-plan\/\" \/>\n<meta property=\"og:site_name\" content=\"Danube Properties\" \/>\n<meta property=\"article:modified_time\" content=\"2025-08-18T06:18:18+00:00\" \/>\n<meta name=\"twitter:card\" content=\"summary_large_image\" \/>\n<meta name=\"twitter:label1\" content=\"Gesch\u00e4tzte Lesezeit\" \/>\n\t<meta name=\"twitter:data1\" content=\"2\u00a0Minuten\" \/>\n<script type=\"application\/ld+json\" class=\"yoast-schema-graph\">{\"@context\":\"https:\/\/schema.org\",\"@graph\":[{\"@type\":\"WebPage\",\"@id\":\"https:\/\/danubeproperties.com\/de\/1-payment-plan\/\",\"url\":\"https:\/\/danubeproperties.com\/de\/1-payment-plan\/\",\"name\":\"1% Payment Plan - Danube Properties\",\"isPartOf\":{\"@id\":\"https:\/\/danubeproperties.com\/de\/#website\"},\"datePublished\":\"2024-03-06T18:12:36+00:00\",\"dateModified\":\"2025-08-18T06:18:18+00:00\",\"breadcrumb\":{\"@id\":\"https:\/\/danubeproperties.com\/de\/1-payment-plan\/#breadcrumb\"},\"inLanguage\":\"de\",\"potentialAction\":[{\"@type\":\"ReadAction\",\"target\":[\"https:\/\/danubeproperties.com\/de\/1-payment-plan\/\"]}]},{\"@type\":\"BreadcrumbList\",\"@id\":\"https:\/\/danubeproperties.com\/de\/1-payment-plan\/#breadcrumb\",\"itemListElement\":[{\"@type\":\"ListItem\",\"position\":1,\"name\":\"Home\",\"item\":\"https:\/\/danubeproperties.com\/de\/\"},{\"@type\":\"ListItem\",\"position\":2,\"name\":\"1% Payment Plan\"}]},{\"@type\":\"WebSite\",\"@id\":\"https:\/\/danubeproperties.com\/de\/#website\",\"url\":\"https:\/\/danubeproperties.com\/de\/\",\"name\":\"Danube Properties\",\"description\":\"\",\"publisher\":{\"@id\":\"https:\/\/danubeproperties.com\/de\/#organization\"},\"potentialAction\":[{\"@type\":\"SearchAction\",\"target\":{\"@type\":\"EntryPoint\",\"urlTemplate\":\"https:\/\/danubeproperties.com\/de\/?s={search_term_string}\"},\"query-input\":{\"@type\":\"PropertyValueSpecification\",\"valueRequired\":true,\"valueName\":\"search_term_string\"}}],\"inLanguage\":\"de\"},{\"@type\":\"Organization\",\"@id\":\"https:\/\/danubeproperties.com\/de\/#organization\",\"name\":\"Danube Properties\",\"url\":\"https:\/\/danubeproperties.com\/de\/\",\"logo\":{\"@type\":\"ImageObject\",\"inLanguage\":\"de\",\"@id\":\"https:\/\/danubeproperties.com\/de\/#\/schema\/logo\/image\/\",\"url\":\"https:\/\/danubeproperties.com\/wp-content\/uploads\/2024\/02\/header-logo.png\",\"contentUrl\":\"https:\/\/danubeproperties.com\/wp-content\/uploads\/2024\/02\/header-logo.png\",\"width\":373,\"height\":20,\"caption\":\"Danube Properties\"},\"image\":{\"@id\":\"https:\/\/danubeproperties.com\/de\/#\/schema\/logo\/image\/\"}}]}<\/script>\n<!-- \/ Yoast SEO plugin. -->","yoast_head_json":{"title":"1% Payment Plan - Danube Properties","robots":{"index":"index","follow":"follow","max-snippet":"max-snippet:-1","max-image-preview":"max-image-preview:large","max-video-preview":"max-video-preview:-1"},"canonical":"https:\/\/danubeproperties.com\/de\/1-payment-plan\/","og_locale":"de_DE","og_type":"article","og_title":"1% Payment Plan - Danube Properties","og_description":"1%-Zahlungsplan einf\u00fchrt Rizwan Sajan, Gr\u00fcnder und Vorsitzender der Danube Group, begann seine Karriere als Milchverk\u00e4ufer und baute in den Vereinigten Arabischen Emiraten einen Milliardenkonzern auf. Heute ist er f\u00fcr den Bau von Traumh\u00e4usern f\u00fcr Expats im Nahen Osten mit seinem revolution\u00e4ren 1-%-Zahlungsplan verantwortlich. Er ist ein mit dem Forbes-Award ausgezeichneter Unternehmer und in Dubai als &hellip; Read More \"Dreamz\"","og_url":"https:\/\/danubeproperties.com\/de\/1-payment-plan\/","og_site_name":"Danube Properties","article_modified_time":"2025-08-18T06:18:18+00:00","twitter_card":"summary_large_image","twitter_misc":{"Gesch\u00e4tzte Lesezeit":"2\u00a0Minuten"},"schema":{"@context":"https:\/\/schema.org","@graph":[{"@type":"WebPage","@id":"https:\/\/danubeproperties.com\/de\/1-payment-plan\/","url":"https:\/\/danubeproperties.com\/de\/1-payment-plan\/","name":"1% Payment Plan - Danube Properties","isPartOf":{"@id":"https:\/\/danubeproperties.com\/de\/#website"},"datePublished":"2024-03-06T18:12:36+00:00","dateModified":"2025-08-18T06:18:18+00:00","breadcrumb":{"@id":"https:\/\/danubeproperties.com\/de\/1-payment-plan\/#breadcrumb"},"inLanguage":"de","potentialAction":[{"@type":"ReadAction","target":["https:\/\/danubeproperties.com\/de\/1-payment-plan\/"]}]},{"@type":"BreadcrumbList","@id":"https:\/\/danubeproperties.com\/de\/1-payment-plan\/#breadcrumb","itemListElement":[{"@type":"ListItem","position":1,"name":"Home","item":"https:\/\/danubeproperties.com\/de\/"},{"@type":"ListItem","position":2,"name":"1% Payment Plan"}]},{"@type":"WebSite","@id":"https:\/\/danubeproperties.com\/de\/#website","url":"https:\/\/danubeproperties.com\/de\/","name":"Danube Properties","description":"","publisher":{"@id":"https:\/\/danubeproperties.com\/de\/#organization"},"potentialAction":[{"@type":"SearchAction","target":{"@type":"EntryPoint","urlTemplate":"https:\/\/danubeproperties.com\/de\/?s={search_term_string}"},"query-input":{"@type":"PropertyValueSpecification","valueRequired":true,"valueName":"search_term_string"}}],"inLanguage":"de"},{"@type":"Organization","@id":"https:\/\/danubeproperties.com\/de\/#organization","name":"Danube Properties","url":"https:\/\/danubeproperties.com\/de\/","logo":{"@type":"ImageObject","inLanguage":"de","@id":"https:\/\/danubeproperties.com\/de\/#\/schema\/logo\/image\/","url":"https:\/\/danubeproperties.com\/wp-content\/uploads\/2024\/02\/header-logo.png","contentUrl":"https:\/\/danubeproperties.com\/wp-content\/uploads\/2024\/02\/header-logo.png","width":373,"height":20,"caption":"Danube Properties"},"image":{"@id":"https:\/\/danubeproperties.com\/de\/#\/schema\/logo\/image\/"}}]}},"ACF":{"danube_page_mobile_featured_image_showhide":true,"danube_page_mobile_featured_image":{"ID":135370,"id":135370,"title":"1percent_01_mobiel","filename":"1percent_01_mobiel.jpg","filesize":168790,"url":"https:\/\/danubeproperties.com\/wp-content\/uploads\/2024\/07\/1percent_01_mobiel.jpg","link":"https:\/\/danubeproperties.com\/de\/1-payment-plan\/1percent_01_mobiel\/","alt":"","author":"1","description":"","caption":"","name":"1percent_01_mobiel","status":"inherit","uploaded_to":135367,"date":"2024-07-04 08:30:54","modified":"2024-07-04 08:30:54","menu_order":0,"mime_type":"image\/jpeg","type":"image","subtype":"jpeg","icon":"https:\/\/danubeproperties.com\/wp-includes\/images\/media\/default.png","width":375,"height":723,"sizes":{"thumbnail":"https:\/\/danubeproperties.com\/wp-content\/uploads\/2024\/07\/1percent_01_mobiel-150x150.jpg","thumbnail-width":150,"thumbnail-height":150,"medium":"https:\/\/danubeproperties.com\/wp-content\/uploads\/2024\/07\/1percent_01_mobiel-156x300.jpg","medium-width":156,"medium-height":300,"medium_large":"https:\/\/danubeproperties.com\/wp-content\/uploads\/2024\/07\/1percent_01_mobiel.jpg","medium_large-width":375,"medium_large-height":723,"large":"https:\/\/danubeproperties.com\/wp-content\/uploads\/2024\/07\/1percent_01_mobiel.jpg","large-width":375,"large-height":723,"1536x1536":"https:\/\/danubeproperties.com\/wp-content\/uploads\/2024\/07\/1percent_01_mobiel.jpg","1536x1536-width":375,"1536x1536-height":723,"2048x2048":"https:\/\/danubeproperties.com\/wp-content\/uploads\/2024\/07\/1percent_01_mobiel.jpg","2048x2048-width":375,"2048x2048-height":723,"rehomes-featured-image-full":"https:\/\/danubeproperties.com\/wp-content\/uploads\/2024\/07\/1percent_01_mobiel-375x700.jpg","rehomes-featured-image-full-width":375,"rehomes-featured-image-full-height":700,"rehomes-featured-image-large":"https:\/\/danubeproperties.com\/wp-content\/uploads\/2024\/07\/1percent_01_mobiel-375x480.jpg","rehomes-featured-image-large-width":375,"rehomes-featured-image-large-height":480,"rehomes-gallery-image":"https:\/\/danubeproperties.com\/wp-content\/uploads\/2024\/07\/1percent_01_mobiel.jpg","rehomes-gallery-image-width":375,"rehomes-gallery-image-height":723,"rehomes-product-thumbnail":"https:\/\/danubeproperties.com\/wp-content\/uploads\/2024\/07\/1percent_01_mobiel-220x280.jpg","rehomes-product-thumbnail-width":220,"rehomes-product-thumbnail-height":280,"rehomes-single-portfolio-gallery":"https:\/\/danubeproperties.com\/wp-content\/uploads\/2024\/07\/1percent_01_mobiel-375x675.jpg","rehomes-single-portfolio-gallery-width":375,"rehomes-single-portfolio-gallery-height":675}}},"_links":{"self":[{"href":"https:\/\/danubeproperties.com\/de\/wp-json\/wp\/v2\/pages\/135367","targetHints":{"allow":["GET"]}}],"collection":[{"href":"https:\/\/danubeproperties.com\/de\/wp-json\/wp\/v2\/pages"}],"about":[{"href":"https:\/\/danubeproperties.com\/de\/wp-json\/wp\/v2\/types\/page"}],"author":[{"embeddable":true,"href":"https:\/\/danubeproperties.com\/de\/wp-json\/wp\/v2\/users\/7"}],"replies":[{"embeddable":true,"href":"https:\/\/danubeproperties.com\/de\/wp-json\/wp\/v2\/comments?post=135367"}],"version-history":[{"count":10,"href":"https:\/\/danubeproperties.com\/de\/wp-json\/wp\/v2\/pages\/135367\/revisions"}],"predecessor-version":[{"id":139206,"href":"https:\/\/danubeproperties.com\/de\/wp-json\/wp\/v2\/pages\/135367\/revisions\/139206"}],"wp:attachment":[{"href":"https:\/\/danubeproperties.com\/de\/wp-json\/wp\/v2\/media?parent=135367"}],"curies":[{"name":"wp","href":"https:\/\/api.w.org\/{rel}","templated":true}]}}