{"id":135292,"date":"2019-10-24T08:09:08","date_gmt":"2019-10-24T08:09:08","guid":{"rendered":"https:\/\/danubeproperties.com\/?page_id=135292"},"modified":"2025-07-28T13:42:39","modified_gmt":"2025-07-28T13:42:39","slug":"management-team","status":"publish","type":"page","link":"https:\/\/danubeproperties.com\/de\/about-us\/management-team\/","title":{"rendered":"Management Team"},"content":{"rendered":"\t\t<div data-elementor-type=\"wp-page\" data-elementor-id=\"135292\" class=\"elementor elementor-135292 elementor-474\" data-elementor-post-type=\"page\">\n\t\t\t\t<div class=\"elementor-element elementor-element-af7733e e-flex e-con-boxed e-con e-parent\" data-id=\"af7733e\" data-element_type=\"container\">\n\t\t\t\t\t<div class=\"e-con-inner\">\n\t\t<div class=\"elementor-element elementor-element-4e70f9e e-con-full e-flex e-con e-child\" data-id=\"4e70f9e\" data-element_type=\"container\">\n\t\t\t\t<div class=\"elementor-element elementor-element-e5aa4e0 animated-fast elementor-widget elementor-widget-heading\" data-id=\"e5aa4e0\" data-element_type=\"widget\" data-settings=\"{&quot;_animation&quot;:&quot;none&quot;}\" data-widget_type=\"heading.default\">\n\t\t\t\t<div class=\"elementor-widget-container\">\n\t\t\t\t\t<div class=\"elementor-heading-wrapper\" ><div class=\"elementor-heading-wrapper-inner\"><h2 class=\"elementor-heading-title elementor-size-default\">F\u00fchrungsteam<\/h2><\/div><\/div>\t\t\t\t<\/div>\n\t\t\t\t<\/div>\n\t\t\t\t<div class=\"elementor-element elementor-element-d6c66ef elementor-widget-divider--view-line elementor-widget elementor-widget-divider\" data-id=\"d6c66ef\" data-element_type=\"widget\" data-widget_type=\"divider.default\">\n\t\t\t\t<div class=\"elementor-widget-container\">\n\t\t\t\t\t\t\t<div class=\"elementor-divider\">\n\t\t\t<span class=\"elementor-divider-separator\">\n\t\t\t\t\t\t<\/span>\n\t\t<\/div>\n\t\t\t\t\t\t<\/div>\n\t\t\t\t<\/div>\n\t\t\t\t<\/div>\n\t\t<div class=\"elementor-element elementor-element-5435d0c e-con-full e-flex e-con e-child\" data-id=\"5435d0c\" data-element_type=\"container\">\n\t\t\t\t<div class=\"elementor-element elementor-element-97a7362 elementor-position-top dce_masking-none elementor-vertical-align-top elementor-widget elementor-widget-image-box\" data-id=\"97a7362\" data-element_type=\"widget\" data-widget_type=\"image-box.default\">\n\t\t\t\t<div class=\"elementor-widget-container\">\n\t\t\t\t\t<div class=\"elementor-image-box-wrapper elementor-button-\"><div class=\"elementor-image-framed\"><figure class=\"elementor-image-box-img\"><img fetchpriority=\"high\" decoding=\"async\" width=\"1021\" height=\"607\" src=\"https:\/\/danubeproperties.com\/wp-content\/uploads\/2025\/07\/madhu-1.jpg\" class=\"attachment-full size-full wp-image-137543\" alt=\"\" srcset=\"https:\/\/danubeproperties.com\/wp-content\/uploads\/2025\/07\/madhu-1.jpg 1021w, https:\/\/danubeproperties.com\/wp-content\/uploads\/2025\/07\/madhu-1-300x178.jpg 300w, https:\/\/danubeproperties.com\/wp-content\/uploads\/2025\/07\/madhu-1-768x457.jpg 768w, https:\/\/danubeproperties.com\/wp-content\/uploads\/2025\/07\/madhu-1-700x416.jpg 700w\" sizes=\"(max-width: 1021px) 100vw, 1021px\" \/><\/figure><\/div><div class=\"elementor-image-box-content\"><div class=\"elementor-image-box-sub-title\">MADHUSUDHAN RAO<\/div><h4 class=\"elementor-image-box-title\">CEO \u2013 Danube Group<\/h4><p class=\"elementor-image-box-description\">Mit \u00fcber 35 Jahren Erfahrung in verschiedenen Branchen und mehr als zwei Jahrzehnten bei der Danube Group ist Madhu sudhan Rao eine zentrale S\u00e4ule des Unternehmenswachstums. Als CEO der Danube Group hat er eine entscheidende Rolle bei der Gestaltung der Vision des Konzerns, der Optimierung von Abl\u00e4ufen und der strategischen Expansion in verschiedenen Gesch\u00e4ftsbereichen gespielt. Seine F\u00fchrung vereint operative Exzellenz mit einem tiefen Engagement f\u00fcr Menschen und Leistung und hilft Danube dabei, neue H\u00f6hen zu erreichen, ohne die grundlegenden Werte aus den Augen zu verlieren.<\/p><\/div><\/div>\t\t\t\t<\/div>\n\t\t\t\t<\/div>\n\t\t\t\t<\/div>\n\t\t<div class=\"elementor-element elementor-element-5537c32 e-con-full e-flex e-con e-child\" data-id=\"5537c32\" data-element_type=\"container\">\n\t\t\t\t<div class=\"elementor-element elementor-element-2a3b37d elementor-position-top dce_masking-none elementor-vertical-align-top elementor-widget elementor-widget-image-box\" data-id=\"2a3b37d\" data-element_type=\"widget\" data-widget_type=\"image-box.default\">\n\t\t\t\t<div class=\"elementor-widget-container\">\n\t\t\t\t\t<div class=\"elementor-image-box-wrapper elementor-button-\"><div class=\"elementor-image-framed\"><figure class=\"elementor-image-box-img\"><img decoding=\"async\" width=\"1021\" height=\"607\" src=\"https:\/\/danubeproperties.com\/wp-content\/uploads\/2024\/03\/2048_1689258874.jpg\" class=\"attachment-full size-full wp-image-135297\" alt=\"\" srcset=\"https:\/\/danubeproperties.com\/wp-content\/uploads\/2024\/03\/2048_1689258874.jpg 1021w, https:\/\/danubeproperties.com\/wp-content\/uploads\/2024\/03\/2048_1689258874-300x178.jpg 300w, https:\/\/danubeproperties.com\/wp-content\/uploads\/2024\/03\/2048_1689258874-768x457.jpg 768w, https:\/\/danubeproperties.com\/wp-content\/uploads\/2024\/03\/2048_1689258874-700x416.jpg 700w\" sizes=\"(max-width: 1021px) 100vw, 1021px\" \/><\/figure><\/div><div class=\"elementor-image-box-content\"><div class=\"elementor-image-box-sub-title\">GHAYYOUR AHMAD<\/div><h4 class=\"elementor-image-box-title\">GM \u2013 Projects & Development<\/h4><p class=\"elementor-image-box-description\">Mit \u00fcber 25 Jahren Erfahrung in Gesch\u00e4ftsstrategien, Projektmanagement und Bauwesen ist Ghayyour Ahmad eine treibende Kraft hinter dem Erfolg von Danube Properties. Als General Manager f\u00fcr Projekte und Entwicklung spielt er eine zentrale Rolle bei der Sicherstellung p\u00fcnktlicher Projektlieferungen und \u00fcbertrifft mit hochwertigen, luxuri\u00f6sen Ausf\u00fchrungen die Erwartungen.\n<br><br>\nSein Engagement f\u00fcr Spitzenleistung geht \u00fcber das Bauen hinaus und er legt gro\u00dfen Wert auf au\u00dfergew\u00f6hnlichen Kundenservice, um jedem Hausbesitzer ein reibungsloses und positives Erlebnis zu gew\u00e4hrleisten.<\/p><\/div><\/div>\t\t\t\t<\/div>\n\t\t\t\t<\/div>\n\t\t\t\t<\/div>\n\t\t\t\t\t<\/div>\n\t\t\t\t<\/div>\n\t\t\t\t<\/div>\n\t\t","protected":false},"excerpt":{"rendered":"<p>F\u00fchrungsteam MADHUSUDHAN RAO CEO \u2013 Danube Group Mit \u00fcber 35 Jahren Erfahrung in verschiedenen Branchen und mehr als zwei Jahrzehnten bei der Danube Group ist Madhu sudhan Rao eine zentrale S\u00e4ule des Unternehmenswachstums. Als CEO der Danube Group hat er eine entscheidende Rolle bei der Gestaltung der Vision des Konzerns, der Optimierung von Abl\u00e4ufen und &hellip; <\/p>\n<p class=\"link-more\"><a href=\"https:\/\/danubeproperties.com\/de\/about-us\/management-team\/\" class=\"more-link\">Read More <span class=\"screen-reader-text\"> &#8222;Management Team&#8220;<\/span><\/a><\/p>\n","protected":false},"author":7,"featured_media":0,"parent":135268,"menu_order":0,"comment_status":"closed","ping_status":"closed","template":"page-elementor.php","meta":{"_acf_changed":false,"inline_featured_image":false,"footnotes":""},"class_list":["post-135292","page","type-page","status-publish","hentry"],"acf":[],"yoast_head":"<!-- This site is optimized with the Yoast SEO plugin v26.7 - https:\/\/yoast.com\/wordpress\/plugins\/seo\/ -->\n<title>Management Team - Danube Properties<\/title>\n<meta name=\"robots\" content=\"index, follow, max-snippet:-1, max-image-preview:large, max-video-preview:-1\" \/>\n<link rel=\"canonical\" href=\"https:\/\/danubeproperties.com\/de\/about-us\/management-team\/\" \/>\n<meta property=\"og:locale\" content=\"de_DE\" \/>\n<meta property=\"og:type\" content=\"article\" \/>\n<meta property=\"og:title\" content=\"Management Team - Danube Properties\" \/>\n<meta property=\"og:description\" content=\"F\u00fchrungsteam MADHUSUDHAN RAO CEO \u2013 Danube Group Mit \u00fcber 35 Jahren Erfahrung in verschiedenen Branchen und mehr als zwei Jahrzehnten bei der Danube Group ist Madhu sudhan Rao eine zentrale S\u00e4ule des Unternehmenswachstums. Als CEO der Danube Group hat er eine entscheidende Rolle bei der Gestaltung der Vision des Konzerns, der Optimierung von Abl\u00e4ufen und &hellip; Read More &quot;Management Team&quot;\" \/>\n<meta property=\"og:url\" content=\"https:\/\/danubeproperties.com\/de\/about-us\/management-team\/\" \/>\n<meta property=\"og:site_name\" content=\"Danube Properties\" \/>\n<meta property=\"article:modified_time\" content=\"2025-07-28T13:42:39+00:00\" \/>\n<meta property=\"og:image\" content=\"https:\/\/danubeproperties.com\/wp-content\/uploads\/2025\/07\/madhu-1.jpg\" \/>\n<meta name=\"twitter:card\" content=\"summary_large_image\" \/>\n<meta name=\"twitter:label1\" content=\"Gesch\u00e4tzte Lesezeit\" \/>\n\t<meta name=\"twitter:data1\" content=\"2\u00a0Minuten\" \/>\n<script type=\"application\/ld+json\" class=\"yoast-schema-graph\">{\"@context\":\"https:\/\/schema.org\",\"@graph\":[{\"@type\":\"WebPage\",\"@id\":\"https:\/\/danubeproperties.com\/de\/about-us\/management-team\/\",\"url\":\"https:\/\/danubeproperties.com\/de\/about-us\/management-team\/\",\"name\":\"Management Team - Danube Properties\",\"isPartOf\":{\"@id\":\"https:\/\/danubeproperties.com\/de\/#website\"},\"primaryImageOfPage\":{\"@id\":\"https:\/\/danubeproperties.com\/de\/about-us\/management-team\/#primaryimage\"},\"image\":{\"@id\":\"https:\/\/danubeproperties.com\/de\/about-us\/management-team\/#primaryimage\"},\"thumbnailUrl\":\"https:\/\/danubeproperties.com\/wp-content\/uploads\/2025\/07\/madhu-1.jpg\",\"datePublished\":\"2019-10-24T08:09:08+00:00\",\"dateModified\":\"2025-07-28T13:42:39+00:00\",\"breadcrumb\":{\"@id\":\"https:\/\/danubeproperties.com\/de\/about-us\/management-team\/#breadcrumb\"},\"inLanguage\":\"de\",\"potentialAction\":[{\"@type\":\"ReadAction\",\"target\":[\"https:\/\/danubeproperties.com\/de\/about-us\/management-team\/\"]}]},{\"@type\":\"ImageObject\",\"inLanguage\":\"de\",\"@id\":\"https:\/\/danubeproperties.com\/de\/about-us\/management-team\/#primaryimage\",\"url\":\"https:\/\/danubeproperties.com\/wp-content\/uploads\/2025\/07\/madhu-1.jpg\",\"contentUrl\":\"https:\/\/danubeproperties.com\/wp-content\/uploads\/2025\/07\/madhu-1.jpg\"},{\"@type\":\"BreadcrumbList\",\"@id\":\"https:\/\/danubeproperties.com\/de\/about-us\/management-team\/#breadcrumb\",\"itemListElement\":[{\"@type\":\"ListItem\",\"position\":1,\"name\":\"Home\",\"item\":\"https:\/\/danubeproperties.com\/de\/\"},{\"@type\":\"ListItem\",\"position\":2,\"name\":\"About Us\",\"item\":\"https:\/\/danubeproperties.com\/de\/about-us\/\"},{\"@type\":\"ListItem\",\"position\":3,\"name\":\"Management Team\"}]},{\"@type\":\"WebSite\",\"@id\":\"https:\/\/danubeproperties.com\/de\/#website\",\"url\":\"https:\/\/danubeproperties.com\/de\/\",\"name\":\"Danube Properties\",\"description\":\"\",\"publisher\":{\"@id\":\"https:\/\/danubeproperties.com\/de\/#organization\"},\"potentialAction\":[{\"@type\":\"SearchAction\",\"target\":{\"@type\":\"EntryPoint\",\"urlTemplate\":\"https:\/\/danubeproperties.com\/de\/?s={search_term_string}\"},\"query-input\":{\"@type\":\"PropertyValueSpecification\",\"valueRequired\":true,\"valueName\":\"search_term_string\"}}],\"inLanguage\":\"de\"},{\"@type\":\"Organization\",\"@id\":\"https:\/\/danubeproperties.com\/de\/#organization\",\"name\":\"Danube Properties\",\"url\":\"https:\/\/danubeproperties.com\/de\/\",\"logo\":{\"@type\":\"ImageObject\",\"inLanguage\":\"de\",\"@id\":\"https:\/\/danubeproperties.com\/de\/#\/schema\/logo\/image\/\",\"url\":\"https:\/\/danubeproperties.com\/wp-content\/uploads\/2024\/02\/header-logo.png\",\"contentUrl\":\"https:\/\/danubeproperties.com\/wp-content\/uploads\/2024\/02\/header-logo.png\",\"width\":373,\"height\":20,\"caption\":\"Danube Properties\"},\"image\":{\"@id\":\"https:\/\/danubeproperties.com\/de\/#\/schema\/logo\/image\/\"}}]}<\/script>\n<!-- \/ Yoast SEO plugin. -->","yoast_head_json":{"title":"Management Team - Danube Properties","robots":{"index":"index","follow":"follow","max-snippet":"max-snippet:-1","max-image-preview":"max-image-preview:large","max-video-preview":"max-video-preview:-1"},"canonical":"https:\/\/danubeproperties.com\/de\/about-us\/management-team\/","og_locale":"de_DE","og_type":"article","og_title":"Management Team - Danube Properties","og_description":"F\u00fchrungsteam MADHUSUDHAN RAO CEO \u2013 Danube Group Mit \u00fcber 35 Jahren Erfahrung in verschiedenen Branchen und mehr als zwei Jahrzehnten bei der Danube Group ist Madhu sudhan Rao eine zentrale S\u00e4ule des Unternehmenswachstums. Als CEO der Danube Group hat er eine entscheidende Rolle bei der Gestaltung der Vision des Konzerns, der Optimierung von Abl\u00e4ufen und &hellip; Read More \"Management Team\"","og_url":"https:\/\/danubeproperties.com\/de\/about-us\/management-team\/","og_site_name":"Danube Properties","article_modified_time":"2025-07-28T13:42:39+00:00","og_image":[{"url":"https:\/\/danubeproperties.com\/wp-content\/uploads\/2025\/07\/madhu-1.jpg","type":"","width":"","height":""}],"twitter_card":"summary_large_image","twitter_misc":{"Gesch\u00e4tzte Lesezeit":"2\u00a0Minuten"},"schema":{"@context":"https:\/\/schema.org","@graph":[{"@type":"WebPage","@id":"https:\/\/danubeproperties.com\/de\/about-us\/management-team\/","url":"https:\/\/danubeproperties.com\/de\/about-us\/management-team\/","name":"Management Team - Danube Properties","isPartOf":{"@id":"https:\/\/danubeproperties.com\/de\/#website"},"primaryImageOfPage":{"@id":"https:\/\/danubeproperties.com\/de\/about-us\/management-team\/#primaryimage"},"image":{"@id":"https:\/\/danubeproperties.com\/de\/about-us\/management-team\/#primaryimage"},"thumbnailUrl":"https:\/\/danubeproperties.com\/wp-content\/uploads\/2025\/07\/madhu-1.jpg","datePublished":"2019-10-24T08:09:08+00:00","dateModified":"2025-07-28T13:42:39+00:00","breadcrumb":{"@id":"https:\/\/danubeproperties.com\/de\/about-us\/management-team\/#breadcrumb"},"inLanguage":"de","potentialAction":[{"@type":"ReadAction","target":["https:\/\/danubeproperties.com\/de\/about-us\/management-team\/"]}]},{"@type":"ImageObject","inLanguage":"de","@id":"https:\/\/danubeproperties.com\/de\/about-us\/management-team\/#primaryimage","url":"https:\/\/danubeproperties.com\/wp-content\/uploads\/2025\/07\/madhu-1.jpg","contentUrl":"https:\/\/danubeproperties.com\/wp-content\/uploads\/2025\/07\/madhu-1.jpg"},{"@type":"BreadcrumbList","@id":"https:\/\/danubeproperties.com\/de\/about-us\/management-team\/#breadcrumb","itemListElement":[{"@type":"ListItem","position":1,"name":"Home","item":"https:\/\/danubeproperties.com\/de\/"},{"@type":"ListItem","position":2,"name":"About Us","item":"https:\/\/danubeproperties.com\/de\/about-us\/"},{"@type":"ListItem","position":3,"name":"Management Team"}]},{"@type":"WebSite","@id":"https:\/\/danubeproperties.com\/de\/#website","url":"https:\/\/danubeproperties.com\/de\/","name":"Danube Properties","description":"","publisher":{"@id":"https:\/\/danubeproperties.com\/de\/#organization"},"potentialAction":[{"@type":"SearchAction","target":{"@type":"EntryPoint","urlTemplate":"https:\/\/danubeproperties.com\/de\/?s={search_term_string}"},"query-input":{"@type":"PropertyValueSpecification","valueRequired":true,"valueName":"search_term_string"}}],"inLanguage":"de"},{"@type":"Organization","@id":"https:\/\/danubeproperties.com\/de\/#organization","name":"Danube Properties","url":"https:\/\/danubeproperties.com\/de\/","logo":{"@type":"ImageObject","inLanguage":"de","@id":"https:\/\/danubeproperties.com\/de\/#\/schema\/logo\/image\/","url":"https:\/\/danubeproperties.com\/wp-content\/uploads\/2024\/02\/header-logo.png","contentUrl":"https:\/\/danubeproperties.com\/wp-content\/uploads\/2024\/02\/header-logo.png","width":373,"height":20,"caption":"Danube Properties"},"image":{"@id":"https:\/\/danubeproperties.com\/de\/#\/schema\/logo\/image\/"}}]}},"ACF":{"danube_page_mobile_featured_image_showhide":false},"_links":{"self":[{"href":"https:\/\/danubeproperties.com\/de\/wp-json\/wp\/v2\/pages\/135292","targetHints":{"allow":["GET"]}}],"collection":[{"href":"https:\/\/danubeproperties.com\/de\/wp-json\/wp\/v2\/pages"}],"about":[{"href":"https:\/\/danubeproperties.com\/de\/wp-json\/wp\/v2\/types\/page"}],"author":[{"embeddable":true,"href":"https:\/\/danubeproperties.com\/de\/wp-json\/wp\/v2\/users\/7"}],"replies":[{"embeddable":true,"href":"https:\/\/danubeproperties.com\/de\/wp-json\/wp\/v2\/comments?post=135292"}],"version-history":[{"count":11,"href":"https:\/\/danubeproperties.com\/de\/wp-json\/wp\/v2\/pages\/135292\/revisions"}],"predecessor-version":[{"id":140664,"href":"https:\/\/danubeproperties.com\/de\/wp-json\/wp\/v2\/pages\/135292\/revisions\/140664"}],"up":[{"embeddable":true,"href":"https:\/\/danubeproperties.com\/de\/wp-json\/wp\/v2\/pages\/135268"}],"wp:attachment":[{"href":"https:\/\/danubeproperties.com\/de\/wp-json\/wp\/v2\/media?parent=135292"}],"curies":[{"name":"wp","href":"https:\/\/api.w.org\/{rel}","templated":true}]}}