{"id":135268,"date":"2019-10-23T09:17:55","date_gmt":"2019-10-23T09:17:55","guid":{"rendered":"https:\/\/danubeproperties.com\/?page_id=135268"},"modified":"2025-08-18T06:23:49","modified_gmt":"2025-08-18T06:23:49","slug":"about-us","status":"publish","type":"page","link":"https:\/\/danubeproperties.com\/de\/about-us\/","title":{"rendered":"About Us"},"content":{"rendered":"\t\t<div data-elementor-type=\"wp-page\" data-elementor-id=\"135268\" class=\"elementor elementor-135268 elementor-371\" data-elementor-post-type=\"page\">\n\t\t\t\t<div class=\"elementor-element elementor-element-d1ed752 e-flex e-con-boxed e-con e-parent\" data-id=\"d1ed752\" data-element_type=\"container\" id=\"first-paragraph\">\n\t\t\t\t\t<div class=\"e-con-inner\">\n\t\t\t\t<div class=\"elementor-element elementor-element-7db7b7f animated-fast elementor-widget__width-initial elementor-widget-mobile__width-initial elementor-widget elementor-widget-text-editor\" data-id=\"7db7b7f\" data-element_type=\"widget\" data-settings=\"{&quot;_animation&quot;:&quot;none&quot;}\" data-widget_type=\"text-editor.default\">\n\t\t\t\t<div class=\"elementor-widget-container\">\n\t\t\t\t\t        <div class=\"elementor-text-editor elementor-clearfix\"><p>Die Danube Group hat sich von einem einzelnen Gesch\u00e4ft, das vor 30 Jahren in Deira, Dubai, er\u00f6ffnet wurde, zu einer der vertrauensw\u00fcrdigsten und bekanntesten Marken im Nahen Osten entwickelt. Die Multimillionen-Dollar-Gruppe hat ihre globale Pr\u00e4senz und ihren Jahresumsatz kontinuierlich gesteigert, unterst\u00fctzt von einer stetig wachsenden Familie mit \u00fcber 3.500 Mitarbeitern. Die Danube Group hat ihren Hauptsitz in Dubai und ist in neun L\u00e4ndern im Nahen Osten und Asien t\u00e4tig.<\/p><p>Die Gruppe besitzt zahlreiche preisgekr\u00f6nte Gesch\u00e4ftsbereiche. Danube Building Material ist das Baustoffunternehmen Nr. 1 der Region und bietet mehr als 25.000 Produkte unter einem Dach. Danube Home ist die am schnellsten wachsende M\u00f6beleinzelhandelsmarke und derzeit in den Vereinigten Arabischen Emiraten, Saudi-Arabien, Oman, Bahrain, Katar, Kuwait, Indien und Afrika vertreten. Alucopanel ist die einzige Fabrik in den Vereinigten Arabischen Emiraten, die Fassadenplatten der G\u00fcteklasse A2 herstellt.<\/p><p>Danube Properties, der Immobilienentwicklungszweig des Unternehmens, z\u00e4hlt zu den f\u00fcnf gr\u00f6\u00dften Bautr\u00e4gern in den VAE. Zu den gr\u00f6\u00dften Errungenschaften des Unternehmens z\u00e4hlen die p\u00fcnktliche Lieferung von Verm\u00f6genswerten au\u00dfergew\u00f6hnlicher Qualit\u00e4t und ein Rekordumsatz.<\/p><p>Dank ihres stetigen Wachstums und des enormen Verbrauchervertrauens hat die Danube Group \u00fcber 50 Auszeichnungen in verschiedenen Kategorien erhalten. Die Philosophie der Gruppe besteht darin, au\u00dfergew\u00f6hnliche Qualit\u00e4t zu liefern und langfristige Beziehungen aufzubauen.<\/p><\/div>\n        \t\t\t\t<\/div>\n\t\t\t\t<\/div>\n\t\t\t\t<div class=\"elementor-element elementor-element-234d427 elementor-widget__width-initial elementor-widget-mobile__width-initial dce_masking-none elementor-widget elementor-widget-image\" data-id=\"234d427\" data-element_type=\"widget\" data-widget_type=\"image.default\">\n\t\t\t\t<div class=\"elementor-widget-container\">\n\t\t\t\t\t\t\t\t\t\t\t\t\t\t\t<img fetchpriority=\"high\" decoding=\"async\" width=\"384\" height=\"377\" src=\"https:\/\/danubeproperties.com\/wp-content\/uploads\/2024\/03\/1993.png\" class=\"attachment-full size-full wp-image-135270\" alt=\"Danube Properties - Dubai Real Estate\" srcset=\"https:\/\/danubeproperties.com\/wp-content\/uploads\/2024\/03\/1993.png 384w, https:\/\/danubeproperties.com\/wp-content\/uploads\/2024\/03\/1993-300x295.png 300w, https:\/\/danubeproperties.com\/wp-content\/uploads\/2024\/03\/1993-80x80.png 80w\" sizes=\"(max-width: 384px) 100vw, 384px\" \/>\t\t\t\t\t\t\t\t\t\t\t\t\t\t\t<\/div>\n\t\t\t\t<\/div>\n\t\t\t\t\t<\/div>\n\t\t\t\t<\/div>\n\t\t<div class=\"elementor-element elementor-element-f95b089 e-con-full e-flex e-con e-parent\" data-id=\"f95b089\" data-element_type=\"container\" id=\"vision-mission\">\n\t\t<div class=\"elementor-element elementor-element-35ac627 e-con-full e-flex e-con e-child\" data-id=\"35ac627\" data-element_type=\"container\">\n\t\t\t\t<div class=\"elementor-element elementor-element-c8f0460 elementor-widget elementor-widget-heading\" data-id=\"c8f0460\" data-element_type=\"widget\" data-widget_type=\"heading.default\">\n\t\t\t\t<div class=\"elementor-widget-container\">\n\t\t\t\t\t<div class=\"elementor-heading-wrapper\" ><div class=\"elementor-heading-wrapper-inner\"><h2 class=\"elementor-heading-title elementor-size-default\">Vision<\/h2><\/div><\/div>\t\t\t\t<\/div>\n\t\t\t\t<\/div>\n\t\t\t\t<div class=\"elementor-element elementor-element-488a519 animated-fast elementor-widget elementor-widget-text-editor\" data-id=\"488a519\" data-element_type=\"widget\" data-settings=\"{&quot;_animation&quot;:&quot;none&quot;}\" data-widget_type=\"text-editor.default\">\n\t\t\t\t<div class=\"elementor-widget-container\">\n\t\t\t\t\t        <div class=\"elementor-text-editor elementor-clearfix\"><p>Wir m\u00f6chten ein f\u00fchrender Immobilienentwickler in der Region sein und erschwingliche und nachhaltige Entwicklung mit hohen Baustandards liefern.<\/p><\/div>\n        \t\t\t\t<\/div>\n\t\t\t\t<\/div>\n\t\t\t\t<\/div>\n\t\t<div class=\"elementor-element elementor-element-c9959c0 e-con-full e-flex e-con e-child\" data-id=\"c9959c0\" data-element_type=\"container\">\n\t\t\t\t<div class=\"elementor-element elementor-element-827d760 elementor-widget elementor-widget-heading\" data-id=\"827d760\" data-element_type=\"widget\" data-widget_type=\"heading.default\">\n\t\t\t\t<div class=\"elementor-widget-container\">\n\t\t\t\t\t<div class=\"elementor-heading-wrapper\" ><div class=\"elementor-heading-wrapper-inner\"><h2 class=\"elementor-heading-title elementor-size-default\">Mission<\/h2><\/div><\/div>\t\t\t\t<\/div>\n\t\t\t\t<\/div>\n\t\t\t\t<div class=\"elementor-element elementor-element-ee9e97a animated-fast elementor-widget elementor-widget-text-editor\" data-id=\"ee9e97a\" data-element_type=\"widget\" data-settings=\"{&quot;_animation&quot;:&quot;none&quot;}\" data-widget_type=\"text-editor.default\">\n\t\t\t\t<div class=\"elementor-widget-container\">\n\t\t\t\t\t        <div class=\"elementor-text-editor elementor-clearfix\"><p>F\u00fchren Sie f\u00fcr jedes Projekt eine Wertanalyse durch. Liefern Sie Qualit\u00e4tskonstruktionen zu \u00e4u\u00dferst wettbewerbsf\u00e4higen Preisen.<\/p><\/div>\n        \t\t\t\t<\/div>\n\t\t\t\t<\/div>\n\t\t\t\t<\/div>\n\t\t\t\t<\/div>\n\t\t<div class=\"elementor-element elementor-element-3de6213 e-flex e-con-boxed e-con e-parent\" data-id=\"3de6213\" data-element_type=\"container\" id=\"awards\">\n\t\t\t\t\t<div class=\"e-con-inner\">\n\t\t\t\t<div class=\"elementor-element elementor-element-c75e20c elementor-widget elementor-widget-heading\" data-id=\"c75e20c\" data-element_type=\"widget\" data-widget_type=\"heading.default\">\n\t\t\t\t<div class=\"elementor-widget-container\">\n\t\t\t\t\t<div class=\"elementor-heading-wrapper\" ><div class=\"elementor-heading-wrapper-inner\"><h2 class=\"elementor-heading-title elementor-size-default\">Auszeichnungen & Anerkennungen<\/h2><\/div><\/div>\t\t\t\t<\/div>\n\t\t\t\t<\/div>\n\t\t\t\t<div class=\"elementor-element elementor-element-da05a7d elementor-widget elementor-widget-image-carousel\" data-id=\"da05a7d\" data-element_type=\"widget\" data-settings=\"{&quot;slides_to_show&quot;:&quot;7&quot;,&quot;slides_to_scroll&quot;:&quot;1&quot;,&quot;navigation&quot;:&quot;none&quot;,&quot;autoplay&quot;:&quot;yes&quot;,&quot;pause_on_hover&quot;:&quot;yes&quot;,&quot;pause_on_interaction&quot;:&quot;yes&quot;,&quot;autoplay_speed&quot;:5000,&quot;infinite&quot;:&quot;yes&quot;,&quot;speed&quot;:500}\" data-widget_type=\"image-carousel.default\">\n\t\t\t\t<div class=\"elementor-widget-container\">\n\t\t\t\t\t\t\t<div class=\"elementor-image-carousel-wrapper swiper\" role=\"region\" aria-roledescription=\"carousel\" aria-label=\"Image Carousel\" dir=\"ltr\">\n\t\t\t<div class=\"elementor-image-carousel swiper-wrapper\" aria-live=\"off\">\n\t\t\t\t\t\t\t\t<div class=\"swiper-slide\" role=\"group\" aria-roledescription=\"slide\" aria-label=\"1 von 8\"><figure class=\"swiper-slide-inner\"><img decoding=\"async\" class=\"swiper-slide-image\" src=\"https:\/\/danubeproperties.com\/wp-content\/uploads\/2024\/03\/2016_1611817411.png\" alt=\"Danube Properties - Forbes Award 2019\" \/><\/figure><\/div><div class=\"swiper-slide\" role=\"group\" aria-roledescription=\"slide\" aria-label=\"2 von 8\"><figure class=\"swiper-slide-inner\"><img decoding=\"async\" class=\"swiper-slide-image\" src=\"https:\/\/danubeproperties.com\/wp-content\/uploads\/2024\/03\/2017_1611817383.png\" alt=\"Danube Properties Forbes Real Estate Award\" \/><\/figure><\/div><div class=\"swiper-slide\" role=\"group\" aria-roledescription=\"slide\" aria-label=\"3 von 8\"><figure class=\"swiper-slide-inner\"><img decoding=\"async\" class=\"swiper-slide-image\" src=\"https:\/\/danubeproperties.com\/wp-content\/uploads\/2024\/03\/2018_1611817367.png\" alt=\"Danube Properties - Forbes Real Estate Award 2017\" \/><\/figure><\/div><div class=\"swiper-slide\" role=\"group\" aria-roledescription=\"slide\" aria-label=\"4 von 8\"><figure class=\"swiper-slide-inner\"><img decoding=\"async\" class=\"swiper-slide-image\" src=\"https:\/\/danubeproperties.com\/wp-content\/uploads\/2024\/03\/2019_1611817334.png\" alt=\"Danube Properties - Forbes Real Estate Award 2016\" \/><\/figure><\/div><div class=\"swiper-slide\" role=\"group\" aria-roledescription=\"slide\" aria-label=\"5 von 8\"><figure class=\"swiper-slide-inner\"><img decoding=\"async\" class=\"swiper-slide-image\" src=\"https:\/\/danubeproperties.com\/wp-content\/uploads\/2024\/03\/2000_1611817545.png\" alt=\"Danube Properties - Brands and Leaders Award\" \/><\/figure><\/div><div class=\"swiper-slide\" role=\"group\" aria-roledescription=\"slide\" aria-label=\"6 von 8\"><figure class=\"swiper-slide-inner\"><img decoding=\"async\" class=\"swiper-slide-image\" src=\"https:\/\/danubeproperties.com\/wp-content\/uploads\/2024\/03\/2001_1611817521.png\" alt=\"Danube Properties - Best Realty Brands Award\" \/><\/figure><\/div><div class=\"swiper-slide\" role=\"group\" aria-roledescription=\"slide\" aria-label=\"7 von 8\"><figure class=\"swiper-slide-inner\"><img decoding=\"async\" class=\"swiper-slide-image\" src=\"https:\/\/danubeproperties.com\/wp-content\/uploads\/2024\/03\/2002_1611817492.png\" alt=\"Danube Properties - Gulf Business Awards\" \/><\/figure><\/div><div class=\"swiper-slide\" role=\"group\" aria-roledescription=\"slide\" aria-label=\"8 von 8\"><figure class=\"swiper-slide-inner\"><img decoding=\"async\" class=\"swiper-slide-image\" src=\"https:\/\/danubeproperties.com\/wp-content\/uploads\/2024\/03\/2006_1611817447.png\" alt=\"Danube Properties - Customer Happiness Awards 2018\" \/><\/figure><\/div>\t\t\t<\/div>\n\t\t\t\t\t\t\t\n\t\t\t\t\t\t\t\t\t<\/div>\n\t\t\t\t\t\t<\/div>\n\t\t\t\t<\/div>\n\t\t\t\t\t<\/div>\n\t\t\t\t<\/div>\n\t\t<div class=\"elementor-element elementor-element-a978d74 e-flex e-con-boxed e-con e-parent\" data-id=\"a978d74\" data-element_type=\"container\" id=\"group-logo\">\n\t\t\t\t\t<div class=\"e-con-inner\">\n\t\t\t\t<div class=\"elementor-element elementor-element-8ed19dc elementor-widget elementor-widget-heading\" data-id=\"8ed19dc\" data-element_type=\"widget\" data-widget_type=\"heading.default\">\n\t\t\t\t<div class=\"elementor-widget-container\">\n\t\t\t\t\t<div class=\"elementor-heading-wrapper\" ><div class=\"elementor-heading-wrapper-inner\"><h2 class=\"elementor-heading-title elementor-size-default\">Unsere Gruppe<\/h2><\/div><\/div>\t\t\t\t<\/div>\n\t\t\t\t<\/div>\n\t\t\t\t<div class=\"elementor-element elementor-element-8d502b5 dce_masking-none elementor-widget elementor-widget-image\" data-id=\"8d502b5\" data-element_type=\"widget\" data-widget_type=\"image.default\">\n\t\t\t\t<div class=\"elementor-widget-container\">\n\t\t\t\t\t\t\t\t\t\t\t\t\t\t\t<img decoding=\"async\" width=\"1692\" height=\"436\" src=\"https:\/\/danubeproperties.com\/wp-content\/uploads\/2024\/03\/partnerbg.jpg\" class=\"attachment-full size-full wp-image-135280\" alt=\"Danube Properties - Partners\" srcset=\"https:\/\/danubeproperties.com\/wp-content\/uploads\/2024\/03\/partnerbg.jpg 1692w, https:\/\/danubeproperties.com\/wp-content\/uploads\/2024\/03\/partnerbg-300x77.jpg 300w, https:\/\/danubeproperties.com\/wp-content\/uploads\/2024\/03\/partnerbg-1024x264.jpg 1024w, https:\/\/danubeproperties.com\/wp-content\/uploads\/2024\/03\/partnerbg-768x198.jpg 768w, https:\/\/danubeproperties.com\/wp-content\/uploads\/2024\/03\/partnerbg-1536x396.jpg 1536w, https:\/\/danubeproperties.com\/wp-content\/uploads\/2024\/03\/partnerbg-700x180.jpg 700w\" sizes=\"(max-width: 1692px) 100vw, 1692px\" \/>\t\t\t\t\t\t\t\t\t\t\t\t\t\t\t<\/div>\n\t\t\t\t<\/div>\n\t\t\t\t\t<\/div>\n\t\t\t\t<\/div>\n\t\t\t\t<\/div>\n\t\t","protected":false},"excerpt":{"rendered":"<p>Die Danube Group hat sich von einem einzelnen Gesch\u00e4ft, das vor 30 Jahren in Deira, Dubai, er\u00f6ffnet wurde, zu einer der vertrauensw\u00fcrdigsten und bekanntesten Marken im Nahen Osten entwickelt. Die Multimillionen-Dollar-Gruppe hat ihre globale Pr\u00e4senz und ihren Jahresumsatz kontinuierlich gesteigert, unterst\u00fctzt von einer stetig wachsenden Familie mit \u00fcber 3.500 Mitarbeitern. Die Danube Group hat ihren &hellip; <\/p>\n<p class=\"link-more\"><a href=\"https:\/\/danubeproperties.com\/de\/portfolio\/dreamz-2\/\" class=\"more-link\">Read More <span class=\"screen-reader-text\"> &#8222;Dreamz&#8220;<\/span><\/a><\/p>\n","protected":false},"author":7,"featured_media":0,"parent":0,"menu_order":0,"comment_status":"closed","ping_status":"closed","template":"page-elementor.php","meta":{"_acf_changed":false,"inline_featured_image":false,"footnotes":""},"class_list":["post-135268","page","type-page","status-publish","hentry"],"acf":[],"yoast_head":"<!-- This site is optimized with the Yoast SEO plugin v26.7 - https:\/\/yoast.com\/wordpress\/plugins\/seo\/ -->\n<title>About Us - Danube Properties<\/title>\n<meta name=\"robots\" content=\"index, follow, max-snippet:-1, max-image-preview:large, max-video-preview:-1\" \/>\n<link rel=\"canonical\" href=\"https:\/\/danubeproperties.com\/de\/about-us\/\" \/>\n<meta property=\"og:locale\" content=\"de_DE\" \/>\n<meta property=\"og:type\" content=\"article\" \/>\n<meta property=\"og:title\" content=\"About Us - Danube Properties\" \/>\n<meta property=\"og:description\" content=\"Die Danube Group hat sich von einem einzelnen Gesch\u00e4ft, das vor 30 Jahren in Deira, Dubai, er\u00f6ffnet wurde, zu einer der vertrauensw\u00fcrdigsten und bekanntesten Marken im Nahen Osten entwickelt. Die Multimillionen-Dollar-Gruppe hat ihre globale Pr\u00e4senz und ihren Jahresumsatz kontinuierlich gesteigert, unterst\u00fctzt von einer stetig wachsenden Familie mit \u00fcber 3.500 Mitarbeitern. Die Danube Group hat ihren &hellip; Read More &quot;Dreamz&quot;\" \/>\n<meta property=\"og:url\" content=\"https:\/\/danubeproperties.com\/de\/about-us\/\" \/>\n<meta property=\"og:site_name\" content=\"Danube Properties\" \/>\n<meta property=\"article:modified_time\" content=\"2025-08-18T06:23:49+00:00\" \/>\n<meta property=\"og:image\" content=\"https:\/\/danubeproperties.com\/wp-content\/uploads\/2024\/03\/1993.png\" \/>\n<meta name=\"twitter:card\" content=\"summary_large_image\" \/>\n<meta name=\"twitter:label1\" content=\"Gesch\u00e4tzte Lesezeit\" \/>\n\t<meta name=\"twitter:data1\" content=\"7\u00a0Minuten\" \/>\n<script type=\"application\/ld+json\" class=\"yoast-schema-graph\">{\"@context\":\"https:\/\/schema.org\",\"@graph\":[{\"@type\":\"WebPage\",\"@id\":\"https:\/\/danubeproperties.com\/de\/about-us\/\",\"url\":\"https:\/\/danubeproperties.com\/de\/about-us\/\",\"name\":\"About Us - Danube Properties\",\"isPartOf\":{\"@id\":\"https:\/\/danubeproperties.com\/de\/#website\"},\"primaryImageOfPage\":{\"@id\":\"https:\/\/danubeproperties.com\/de\/about-us\/#primaryimage\"},\"image\":{\"@id\":\"https:\/\/danubeproperties.com\/de\/about-us\/#primaryimage\"},\"thumbnailUrl\":\"https:\/\/danubeproperties.com\/wp-content\/uploads\/2024\/03\/1993.png\",\"datePublished\":\"2019-10-23T09:17:55+00:00\",\"dateModified\":\"2025-08-18T06:23:49+00:00\",\"breadcrumb\":{\"@id\":\"https:\/\/danubeproperties.com\/de\/about-us\/#breadcrumb\"},\"inLanguage\":\"de\",\"potentialAction\":[{\"@type\":\"ReadAction\",\"target\":[\"https:\/\/danubeproperties.com\/de\/about-us\/\"]}]},{\"@type\":\"ImageObject\",\"inLanguage\":\"de\",\"@id\":\"https:\/\/danubeproperties.com\/de\/about-us\/#primaryimage\",\"url\":\"https:\/\/danubeproperties.com\/wp-content\/uploads\/2024\/03\/1993.png\",\"contentUrl\":\"https:\/\/danubeproperties.com\/wp-content\/uploads\/2024\/03\/1993.png\"},{\"@type\":\"BreadcrumbList\",\"@id\":\"https:\/\/danubeproperties.com\/de\/about-us\/#breadcrumb\",\"itemListElement\":[{\"@type\":\"ListItem\",\"position\":1,\"name\":\"Home\",\"item\":\"https:\/\/danubeproperties.com\/de\/\"},{\"@type\":\"ListItem\",\"position\":2,\"name\":\"About Us\"}]},{\"@type\":\"WebSite\",\"@id\":\"https:\/\/danubeproperties.com\/de\/#website\",\"url\":\"https:\/\/danubeproperties.com\/de\/\",\"name\":\"Danube Properties\",\"description\":\"\",\"publisher\":{\"@id\":\"https:\/\/danubeproperties.com\/de\/#organization\"},\"potentialAction\":[{\"@type\":\"SearchAction\",\"target\":{\"@type\":\"EntryPoint\",\"urlTemplate\":\"https:\/\/danubeproperties.com\/de\/?s={search_term_string}\"},\"query-input\":{\"@type\":\"PropertyValueSpecification\",\"valueRequired\":true,\"valueName\":\"search_term_string\"}}],\"inLanguage\":\"de\"},{\"@type\":\"Organization\",\"@id\":\"https:\/\/danubeproperties.com\/de\/#organization\",\"name\":\"Danube Properties\",\"url\":\"https:\/\/danubeproperties.com\/de\/\",\"logo\":{\"@type\":\"ImageObject\",\"inLanguage\":\"de\",\"@id\":\"https:\/\/danubeproperties.com\/de\/#\/schema\/logo\/image\/\",\"url\":\"https:\/\/danubeproperties.com\/wp-content\/uploads\/2024\/02\/header-logo.png\",\"contentUrl\":\"https:\/\/danubeproperties.com\/wp-content\/uploads\/2024\/02\/header-logo.png\",\"width\":373,\"height\":20,\"caption\":\"Danube Properties\"},\"image\":{\"@id\":\"https:\/\/danubeproperties.com\/de\/#\/schema\/logo\/image\/\"}}]}<\/script>\n<!-- \/ Yoast SEO plugin. -->","yoast_head_json":{"title":"About Us - Danube Properties","robots":{"index":"index","follow":"follow","max-snippet":"max-snippet:-1","max-image-preview":"max-image-preview:large","max-video-preview":"max-video-preview:-1"},"canonical":"https:\/\/danubeproperties.com\/de\/about-us\/","og_locale":"de_DE","og_type":"article","og_title":"About Us - Danube Properties","og_description":"Die Danube Group hat sich von einem einzelnen Gesch\u00e4ft, das vor 30 Jahren in Deira, Dubai, er\u00f6ffnet wurde, zu einer der vertrauensw\u00fcrdigsten und bekanntesten Marken im Nahen Osten entwickelt. Die Multimillionen-Dollar-Gruppe hat ihre globale Pr\u00e4senz und ihren Jahresumsatz kontinuierlich gesteigert, unterst\u00fctzt von einer stetig wachsenden Familie mit \u00fcber 3.500 Mitarbeitern. Die Danube Group hat ihren &hellip; Read More \"Dreamz\"","og_url":"https:\/\/danubeproperties.com\/de\/about-us\/","og_site_name":"Danube Properties","article_modified_time":"2025-08-18T06:23:49+00:00","og_image":[{"url":"https:\/\/danubeproperties.com\/wp-content\/uploads\/2024\/03\/1993.png","type":"","width":"","height":""}],"twitter_card":"summary_large_image","twitter_misc":{"Gesch\u00e4tzte Lesezeit":"7\u00a0Minuten"},"schema":{"@context":"https:\/\/schema.org","@graph":[{"@type":"WebPage","@id":"https:\/\/danubeproperties.com\/de\/about-us\/","url":"https:\/\/danubeproperties.com\/de\/about-us\/","name":"About Us - Danube Properties","isPartOf":{"@id":"https:\/\/danubeproperties.com\/de\/#website"},"primaryImageOfPage":{"@id":"https:\/\/danubeproperties.com\/de\/about-us\/#primaryimage"},"image":{"@id":"https:\/\/danubeproperties.com\/de\/about-us\/#primaryimage"},"thumbnailUrl":"https:\/\/danubeproperties.com\/wp-content\/uploads\/2024\/03\/1993.png","datePublished":"2019-10-23T09:17:55+00:00","dateModified":"2025-08-18T06:23:49+00:00","breadcrumb":{"@id":"https:\/\/danubeproperties.com\/de\/about-us\/#breadcrumb"},"inLanguage":"de","potentialAction":[{"@type":"ReadAction","target":["https:\/\/danubeproperties.com\/de\/about-us\/"]}]},{"@type":"ImageObject","inLanguage":"de","@id":"https:\/\/danubeproperties.com\/de\/about-us\/#primaryimage","url":"https:\/\/danubeproperties.com\/wp-content\/uploads\/2024\/03\/1993.png","contentUrl":"https:\/\/danubeproperties.com\/wp-content\/uploads\/2024\/03\/1993.png"},{"@type":"BreadcrumbList","@id":"https:\/\/danubeproperties.com\/de\/about-us\/#breadcrumb","itemListElement":[{"@type":"ListItem","position":1,"name":"Home","item":"https:\/\/danubeproperties.com\/de\/"},{"@type":"ListItem","position":2,"name":"About Us"}]},{"@type":"WebSite","@id":"https:\/\/danubeproperties.com\/de\/#website","url":"https:\/\/danubeproperties.com\/de\/","name":"Danube Properties","description":"","publisher":{"@id":"https:\/\/danubeproperties.com\/de\/#organization"},"potentialAction":[{"@type":"SearchAction","target":{"@type":"EntryPoint","urlTemplate":"https:\/\/danubeproperties.com\/de\/?s={search_term_string}"},"query-input":{"@type":"PropertyValueSpecification","valueRequired":true,"valueName":"search_term_string"}}],"inLanguage":"de"},{"@type":"Organization","@id":"https:\/\/danubeproperties.com\/de\/#organization","name":"Danube Properties","url":"https:\/\/danubeproperties.com\/de\/","logo":{"@type":"ImageObject","inLanguage":"de","@id":"https:\/\/danubeproperties.com\/de\/#\/schema\/logo\/image\/","url":"https:\/\/danubeproperties.com\/wp-content\/uploads\/2024\/02\/header-logo.png","contentUrl":"https:\/\/danubeproperties.com\/wp-content\/uploads\/2024\/02\/header-logo.png","width":373,"height":20,"caption":"Danube Properties"},"image":{"@id":"https:\/\/danubeproperties.com\/de\/#\/schema\/logo\/image\/"}}]}},"ACF":{"danube_page_mobile_featured_image_showhide":false},"_links":{"self":[{"href":"https:\/\/danubeproperties.com\/de\/wp-json\/wp\/v2\/pages\/135268","targetHints":{"allow":["GET"]}}],"collection":[{"href":"https:\/\/danubeproperties.com\/de\/wp-json\/wp\/v2\/pages"}],"about":[{"href":"https:\/\/danubeproperties.com\/de\/wp-json\/wp\/v2\/types\/page"}],"author":[{"embeddable":true,"href":"https:\/\/danubeproperties.com\/de\/wp-json\/wp\/v2\/users\/7"}],"replies":[{"embeddable":true,"href":"https:\/\/danubeproperties.com\/de\/wp-json\/wp\/v2\/comments?post=135268"}],"version-history":[{"count":10,"href":"https:\/\/danubeproperties.com\/de\/wp-json\/wp\/v2\/pages\/135268\/revisions"}],"predecessor-version":[{"id":139209,"href":"https:\/\/danubeproperties.com\/de\/wp-json\/wp\/v2\/pages\/135268\/revisions\/139209"}],"wp:attachment":[{"href":"https:\/\/danubeproperties.com\/de\/wp-json\/wp\/v2\/media?parent=135268"}],"curies":[{"name":"wp","href":"https:\/\/api.w.org\/{rel}","templated":true}]}}